{"id":3669,"date":"2024-07-07T11:53:56","date_gmt":"2024-07-07T11:53:56","guid":{"rendered":"https:\/\/florian-schreibt.de\/fatti-interessanti-su-di-me-v1-0\/"},"modified":"2024-10-26T21:37:57","modified_gmt":"2024-10-26T21:37:57","slug":"fatti-interessanti-su-di-me-v1-0","status":"publish","type":"page","link":"https:\/\/florian-schreibt.de\/it\/fatti-interessanti-su-di-me-v1-0\/","title":{"rendered":"Fatti interessanti su di me V1.0"},"content":{"rendered":"\n<div class=\"wp-block-uagb-container uagb-block-785832a7 alignwide uagb-is-root-container\">\n<header class=\"wp-block-uagb-advanced-heading uagb-block-324727cf\"><h2 class=\"uagb-heading-text\">Su di me e sulle mie competenze 2024<\/h2><div class=\"uagb-separator\"><\/div><p class=\"uagb-desc-text\">Erfahre mehr \u00fcber mich und meine Expertise in Finanzen, Projektmanagement, Fuhrparkmanagement und KI.<\/p><\/header>\n<\/div>\n\n\n\n<div class=\"wp-block-uagb-container uagb-block-db149908 alignfull uagb-is-root-container\"><div class=\"uagb-container-inner-blocks-wrap\">\n<div class=\"wp-block-uagb-container uagb-block-64f56236\">\n<div class=\"wp-block-uagb-advanced-heading uagb-block-587d0054\"><h2 class=\"uagb-heading-text\">Cosa mi rende speciale<\/h2><p class=\"uagb-desc-text\"><strong>Questa sezione ha lo scopo di spiegare le mie caratteristiche pi\u00f9 importanti. E cominciamo subito <\/strong><\/p><\/div>\n\n\n\n<div class=\"wp-block-uagb-advanced-heading uagb-block-7ca98cd4\"><h3 class=\"uagb-heading-text\"><strong>La mia conoscenza ed esperienza<\/strong><\/h3><\/div>\n\n\n\n<div class=\"wp-block-uagb-advanced-heading uagb-block-8568f52f\"><p class=\"uagb-heading-text\">Posso vantare oltre 25 anni di esperienza professionale e 3 titoli commerciali in molteplici settori, tra cui quello automobilistico, energetico e medico.<\/p><\/div>\n\n\n\n<div class=\"wp-block-uagb-advanced-heading uagb-block-a49b6ff4\"><p class=\"uagb-heading-text\">Ci\u00f2 significa che ho anche una vasta conoscenza di una vasta gamma di compiti in tutto il campo commerciale con una particolare passione per i numeri, i progetti e le innovazioni.<\/p><\/div>\n\n\n\n<div class=\"wp-block-uagb-advanced-heading uagb-block-854f0fcd\"><p class=\"uagb-heading-text\">Inoltre cerco sempre di ampliare le mie conoscenze e imparare cose nuove. <\/p><\/div>\n\n\n\n<div class=\"wp-block-uagb-advanced-heading uagb-block-6f76b73b\"><h4 class=\"uagb-heading-text\"><strong>Per me stare fermo \u00e8 un passo indietro.<\/strong><\/h4><\/div>\n\n\n\n<div class=\"wp-block-uagb-advanced-heading uagb-block-535ef133\"><h3 class=\"uagb-heading-text\"><strong>Il mio modo di pensare<\/strong><\/h3><\/div>\n\n\n\n<div class=\"wp-block-uagb-advanced-heading uagb-block-c0cd8da5\"><p class=\"uagb-heading-text\">Grazie a molti anni di lavoro nella gestione dei progetti, sono abituato a vedere il quadro completo, anche ben oltre l&#8217;orizzonte.<\/p><\/div>\n\n\n\n<div class=\"wp-block-uagb-advanced-heading uagb-block-3b95bf12\"><p class=\"uagb-heading-text\">Con questa prospettiva, non solo trovo sempre nuovi modi per superare una sfida, ma posso anche comunicarli e implementarli.<\/p><\/div>\n\n\n\n<div class=\"wp-block-uagb-advanced-heading uagb-block-e93c5ade\"><p class=\"uagb-heading-text\">Per me le soluzioni dirette sono importanti. Segue poi l\u2019analisi per migliorare le cose per il futuro.<\/p><\/div>\n\n\n\n<div class=\"wp-block-uagb-advanced-heading uagb-block-1e14fb58\"><h4 class=\"uagb-heading-text\"><strong>Solo chi ha visto e compreso l&#8217;intero quadro pu\u00f2 dominare una sfida a lungo termine.<\/strong><\/h4><\/div>\n\n\n\n<div class=\"wp-block-uagb-advanced-heading uagb-block-3b734b47\"><h3 class=\"uagb-heading-text\"><strong>Il mio modo di fare le cose<\/strong><\/h3><\/div>\n\n\n\n<div class=\"wp-block-uagb-advanced-heading uagb-block-d8f1cd01\"><p class=\"uagb-heading-text\">Oltre all&#8217;applicazione, per me \u00e8 molto importante trasmettere tutto ci\u00f2 che comunico in modo corretto e chiaro.<\/p><\/div>\n\n\n\n<div class=\"wp-block-uagb-advanced-heading uagb-block-138dd1de\"><p class=\"uagb-heading-text\">La mia innata empatia e un certo tatto fanno s\u00ec che le altre persone coinvolte si sentano incluse e possano comprendere ci\u00f2 che voglio trasmettere.<\/p><\/div>\n\n\n\n<div class=\"wp-block-uagb-advanced-heading uagb-block-d4bc9327\"><h4 class=\"uagb-heading-text\"><strong>Solo coinvolgendo e rispondendo agli altri si possono comunicare soluzioni complete.<\/strong><\/h4><\/div>\n<\/div>\n<\/div><\/div>\n\n\n\n<div class=\"wp-block-uagb-container uagb-block-852c9210 alignwide uagb-is-root-container\">\n<div class=\"wp-block-uagb-container uagb-block-55bf3c26\">\n<div class=\"wp-block-uagb-advanced-heading uagb-block-8b52f2a7\"><h4 class=\"uagb-heading-text\">Volete fare una piccola intervista con me?<\/h4><\/div>\n<\/div>\n\n\n\n<div class=\"wp-block-uagb-container uagb-block-24c9bc94\"><style>.wp-block-kadence-advancedbtn.kb-btns3669_a0fe1b-5d{gap:var(--global-kb-gap-xs, 0.5rem );justify-content:center;align-items:center;}.kt-btns3669_a0fe1b-5d .kt-button{font-weight:normal;font-style:normal;}.kt-btns3669_a0fe1b-5d .kt-btn-wrap-0{margin-right:5px;}.wp-block-kadence-advancedbtn.kt-btns3669_a0fe1b-5d .kt-btn-wrap-0 .kt-button{color:#555555;border-color:#555555;}.wp-block-kadence-advancedbtn.kt-btns3669_a0fe1b-5d .kt-btn-wrap-0 .kt-button:hover, .wp-block-kadence-advancedbtn.kt-btns3669_a0fe1b-5d .kt-btn-wrap-0 .kt-button:focus{color:#ffffff;border-color:#444444;}.wp-block-kadence-advancedbtn.kt-btns3669_a0fe1b-5d .kt-btn-wrap-0 .kt-button::before{display:none;}.wp-block-kadence-advancedbtn.kt-btns3669_a0fe1b-5d .kt-btn-wrap-0 .kt-button:hover, .wp-block-kadence-advancedbtn.kt-btns3669_a0fe1b-5d .kt-btn-wrap-0 .kt-button:focus{background:#444444;}<\/style>\n<div class=\"wp-block-kadence-advancedbtn kb-buttons-wrap kb-btns3669_a0fe1b-5d\"><style>ul.menu .wp-block-kadence-advancedbtn .kb-btn3669_e3a9c6-0e.kb-button{width:initial;}.wp-block-kadence-advancedbtn .kb-btn3669_e3a9c6-0e.kb-button{color:var(--ast-global-color-6);background:var(--ast-global-color-1);}<\/style><a class=\"kb-button kt-button button kb-btn3669_e3a9c6-0e kt-btn-size-large kt-btn-width-type-auto kb-btn-global-inherit  kt-btn-has-text-true kt-btn-has-svg-false  wp-block-button__link wp-block-kadence-singlebtn\" href=\"https:\/\/florian-schreibt.de\/kontakt\/\"><span class=\"kt-btn-inner-text\">Intervista<\/span><\/a><\/div>\n<\/div>\n<\/div>\n\n\n\n<div class=\"wp-block-uagb-container uagb-block-03d50721 alignwide uagb-is-root-container\">\n<div class=\"wp-block-uagb-advanced-heading uagb-block-5fe8fc2d\"><h3 class=\"uagb-heading-text\"><a href=\"https:\/\/www.njumii.de\/Karrierewege\/Betriebswirt-nach-HwO\" target=\"_blank\" rel=\"noopener\">Economista aziendale certificato HwO &#8211; Master Professional Business Management EQ7<\/a><\/h3><\/div>\n\n\n\n<div class=\"wp-block-uagb-advanced-heading uagb-block-32f71e86\"><h3 class=\"uagb-heading-text\"><a href=\"https:\/\/www.ihk.de\/konstanz\/berufliche-bildung\/fortbildungspruefungen\/fortbildungspruefungen-a-z\/bilanzbuchhalter-5370264\" target=\"_blank\" rel=\"noopener\">Contabile certificato IHK &#8211; Professionista di primo livello in contabilit\u00e0 EQ6<\/a><\/h3><\/div>\n\n\n\n<div class=\"wp-block-uagb-advanced-heading uagb-block-03583ab5\"><h3 class=\"uagb-heading-text\"><a href=\"https:\/\/digitalbeat.de\/ki-consultant\/\" data-type=\"link\" data-id=\"https:\/\/digitalbeat.de\/ki-consultant\/\" target=\"_blank\" rel=\"noopener\">Consulente<\/a> AI certificato &#8211; Consulente AI certificato<\/h3><\/div>\n<\/div>\n\n\n\n<div class=\"wp-block-uagb-container uagb-block-4d10df25 alignfull uagb-is-root-container\"><div class=\"uagb-container-inner-blocks-wrap\">\n<div class=\"wp-block-uagb-advanced-heading uagb-block-4370c4b9\"><h2 class=\"uagb-heading-text\">Tre esempi del mio lavoro<\/h2><\/div>\n\n\n\n<div class=\"wp-block-uagb-container uagb-block-07c2f701\">\n<div class=\"wp-block-columns is-layout-flex wp-container-core-columns-is-layout-1 wp-block-columns-is-layout-flex\">\n<div class=\"wp-block-column is-layout-flow wp-block-column-is-layout-flow\">\n<div class=\"wp-block-uagb-image aligncenter uagb-block-ea02fdf3 wp-block-uagb-image--layout-default wp-block-uagb-image--effect-static wp-block-uagb-image--align-center\"><figure class=\"wp-block-uagb-image__figure\"><img decoding=\"async\" srcset=\"https:\/\/florian-schreibt.de\/wp-content\/uploads\/2024\/07\/f1-1-300x225.webp ,https:\/\/florian-schreibt.de\/wp-content\/uploads\/2024\/07\/f1-1.jpg 780w, https:\/\/florian-schreibt.de\/wp-content\/uploads\/2024\/07\/f1-1.jpg 360w\" sizes=\"auto, (max-width: 480px) 150px\" src=\"https:\/\/florian-schreibt.de\/wp-content\/uploads\/2024\/07\/f1-1-300x225.webp\" alt=\"su di me\" class=\"uag-image-557\" width=\"300\" height=\"300\" title=\"f1\" loading=\"lazy\" role=\"img\"\/><\/figure><\/div>\n<\/div>\n\n\n\n<div class=\"wp-block-column is-layout-flow wp-block-column-is-layout-flow\">\n<div class=\"wp-block-uagb-image aligncenter uagb-block-91a7fdc8 wp-block-uagb-image--layout-default wp-block-uagb-image--effect-static wp-block-uagb-image--align-center\"><figure class=\"wp-block-uagb-image__figure\"><img decoding=\"async\" srcset=\"https:\/\/florian-schreibt.de\/wp-content\/uploads\/2024\/07\/PM1-300x300.webp ,https:\/\/florian-schreibt.de\/wp-content\/uploads\/2024\/07\/PM1.jpg 780w, https:\/\/florian-schreibt.de\/wp-content\/uploads\/2024\/07\/PM1.jpg 360w\" sizes=\"auto, (max-width: 480px) 150px\" src=\"https:\/\/florian-schreibt.de\/wp-content\/uploads\/2024\/07\/PM1-300x300.webp\" alt=\"\u00fcber mich-projektmanagement\" class=\"uag-image-561\" width=\"300\" height=\"300\" title=\"PM1\" loading=\"lazy\" role=\"img\"\/><\/figure><\/div>\n<\/div>\n\n\n\n<div class=\"wp-block-column has-medium-font-size is-layout-flow wp-container-core-column-is-layout-3 wp-block-column-is-layout-flow\">\n<div class=\"wp-block-uagb-image aligncenter uagb-block-b4f222e3 wp-block-uagb-image--layout-default wp-block-uagb-image--effect-static wp-block-uagb-image--align-center\"><figure class=\"wp-block-uagb-image__figure\"><img decoding=\"async\" srcset=\"https:\/\/florian-schreibt.de\/wp-content\/uploads\/2024\/07\/FM1-300x300.webp ,https:\/\/florian-schreibt.de\/wp-content\/uploads\/2024\/07\/FM1.jpg 780w, https:\/\/florian-schreibt.de\/wp-content\/uploads\/2024\/07\/FM1.jpg 360w\" sizes=\"auto, (max-width: 480px) 150px\" src=\"https:\/\/florian-schreibt.de\/wp-content\/uploads\/2024\/07\/FM1-300x300.webp\" alt=\"\u00fcber mich-fuhrparkmanagement\" class=\"uag-image-562\" width=\"300\" height=\"300\" title=\"FM1\" loading=\"lazy\" role=\"img\"\/><\/figure><\/div>\n<\/div>\n<\/div>\n<\/div>\n\n\n\n<div class=\"wp-block-uagb-container uagb-block-bd97099e alignwide uagb-is-root-container\">\n<div class=\"wp-block-uagb-container uagb-block-37e9cebd\">\n<div class=\"wp-block-uagb-advanced-heading uagb-block-efaa4f08\"><h3 class=\"uagb-heading-text\">Finanze<\/h3><div class=\"uagb-separator\"><\/div><\/div>\n<\/div>\n\n\n\n<div class=\"wp-block-uagb-container uagb-block-1c27cee5\">\n<div class=\"wp-block-uagb-advanced-heading uagb-block-351c733a\"><h3 class=\"uagb-heading-text\">Gestione del progetto<\/h3><div class=\"uagb-separator\"><\/div><\/div>\n<\/div>\n\n\n\n<div class=\"wp-block-uagb-container uagb-block-0783b906\">\n<div class=\"wp-block-uagb-advanced-heading uagb-block-024d4b19\"><h3 class=\"uagb-heading-text\">Gestione della flotta<\/h3><div class=\"uagb-separator\"><\/div><\/div>\n<\/div>\n\n\n\n<div class=\"wp-block-uagb-container uagb-block-cf56ccf3\"><style>.kb-row-layout-id3669_dee56e-a7 > .kt-row-column-wrap{align-content:start;}:where(.kb-row-layout-id3669_dee56e-a7 > .kt-row-column-wrap) > .wp-block-kadence-column{justify-content:start;}.kb-row-layout-id3669_dee56e-a7 > .kt-row-column-wrap{column-gap:var(--global-kb-gap-md, 2rem);row-gap:var(--global-kb-gap-md, 2rem);padding-top:var(--global-kb-spacing-sm, 1.5rem);padding-bottom:var(--global-kb-spacing-sm, 1.5rem);}.kb-row-layout-id3669_dee56e-a7 > .kt-row-column-wrap > div:not(.added-for-specificity){grid-column:initial;}.kb-row-layout-id3669_dee56e-a7 > .kt-row-column-wrap{grid-template-columns:repeat(3, minmax(0, 1fr));}.kb-row-layout-id3669_dee56e-a7 > .kt-row-layout-overlay{opacity:0.30;}@media all and (max-width: 1024px){.kb-row-layout-id3669_dee56e-a7 > .kt-row-column-wrap > div:not(.added-for-specificity){grid-column:initial;}}@media all and (max-width: 1024px){.kb-row-layout-id3669_dee56e-a7 > .kt-row-column-wrap{grid-template-columns:repeat(3, minmax(0, 1fr));}}@media all and (max-width: 767px){.kb-row-layout-id3669_dee56e-a7 > .kt-row-column-wrap > div:not(.added-for-specificity){grid-column:initial;}.kb-row-layout-id3669_dee56e-a7 > .kt-row-column-wrap{grid-template-columns:minmax(0, 1fr);}}<\/style><div class=\"kb-row-layout-wrap kb-row-layout-id3669_dee56e-a7 alignnone wp-block-kadence-rowlayout\"><div class=\"kt-row-column-wrap kt-has-3-columns kt-row-layout-equal kt-tab-layout-inherit kt-mobile-layout-row kt-row-valign-top\">\n<style>.kadence-column3669_3010c9-d1 > .kt-inside-inner-col,.kadence-column3669_3010c9-d1 > .kt-inside-inner-col:before{border-top-left-radius:0px;border-top-right-radius:0px;border-bottom-right-radius:0px;border-bottom-left-radius:0px;}.kadence-column3669_3010c9-d1 > .kt-inside-inner-col{column-gap:var(--global-kb-gap-sm, 1rem);}.kadence-column3669_3010c9-d1 > .kt-inside-inner-col{flex-direction:column;}.kadence-column3669_3010c9-d1 > .kt-inside-inner-col > .aligncenter{width:100%;}.kadence-column3669_3010c9-d1 > .kt-inside-inner-col:before{opacity:0.3;}.kadence-column3669_3010c9-d1{position:relative;}@media all and (max-width: 1024px){.kadence-column3669_3010c9-d1 > .kt-inside-inner-col{flex-direction:column;justify-content:center;}}@media all and (max-width: 767px){.kadence-column3669_3010c9-d1 > .kt-inside-inner-col{flex-direction:column;justify-content:center;}}<\/style>\n<div class=\"wp-block-kadence-column kadence-column3669_3010c9-d1\"><div class=\"kt-inside-inner-col\">\n<p>La finanza \u00e8 un settore in cui mi piace lavorare grazie alla mia affinit\u00e0 con i numeri e al mio talento per l&#8217;analisi.  <\/p>\n\n\n\n<p>Dopo aver completato la mia seconda laurea, ho avuto la fortuna di progettare e creare un modello di reporting completamente automatizzato per un cliente, che ho poi sviluppato in un efficace strumento di gestione.<\/p>\n\n\n\n<p>Tuttavia, la mia passione nell&#8217;ambito della finanza \u00e8 la contabilit\u00e0, che svolgo in conformit\u00e0 alle leggi nazionali e internazionali. (HGB, IFRS, US GAAP, SWISS OR, NZ GAAP) <\/p>\n\n\n\n<p>Mi affascinano gli approfondimenti che si possono fare sulle aziende attraverso i loro numeri. Sulle loro prestazioni e sul loro potenziale, perch\u00e9 il bilancio dice molto di pi\u00f9 delle semplici cifre.   <\/p>\n\n\n\n<p>Mi considero anche uno dei primi a combinare la finanza con l&#8217;IA e sono sempre al corrente dei nuovi sviluppi in questo settore.<\/p>\n<\/div><\/div>\n\n\n<style>.kadence-column3669_03c473-70 > .kt-inside-inner-col,.kadence-column3669_03c473-70 > .kt-inside-inner-col:before{border-top-left-radius:0px;border-top-right-radius:0px;border-bottom-right-radius:0px;border-bottom-left-radius:0px;}.kadence-column3669_03c473-70 > .kt-inside-inner-col{column-gap:var(--global-kb-gap-sm, 1rem);}.kadence-column3669_03c473-70 > .kt-inside-inner-col{flex-direction:column;}.kadence-column3669_03c473-70 > .kt-inside-inner-col > .aligncenter{width:100%;}.kadence-column3669_03c473-70 > .kt-inside-inner-col:before{opacity:0.3;}.kadence-column3669_03c473-70{position:relative;}@media all and (max-width: 1024px){.kadence-column3669_03c473-70 > .kt-inside-inner-col{flex-direction:column;justify-content:center;}}@media all and (max-width: 767px){.kadence-column3669_03c473-70 > .kt-inside-inner-col{flex-direction:column;justify-content:center;}}<\/style>\n<div class=\"wp-block-kadence-column kadence-column3669_03c473-70\"><div class=\"kt-inside-inner-col\">\n<p>I miei datori di lavoro e i miei clienti sono sempre stati felici di utilizzare le mie competenze specifiche per i progetti.  <\/p>\n\n\n\n<p>Tuttavia, ho iniziato la mia carriera nel project management nella supervisione di un progetto di rollout globale, di cui mi sono occupato con le prime consegne e che \u00e8 diventato sempre pi\u00f9 efficiente e redditizio durante il mio lavoro.<\/p>\n\n\n\n<p>Ad esempio, ho fatto parte di diversi team di progetto per l&#8217;introduzione di un nuovo software e ho partecipato alla pianificazione e alla realizzazione dell&#8217;implementazione di nuovi flussi di lavoro e processi, alcuni dei quali concepiti e progettati completamente da me.  <\/p>\n\n\n\n<p>Quando introducevo nuove soluzioni software, mi divertivo anche a insegnare ai dipendenti come utilizzare il nuovo software e i trucchi del mestiere, in qualit\u00e0 di key user coach.  <\/p>\n\n\n\n<p>Ho avuto successo anche nell&#8217;integrazione di intere sedi in strutture di gruppo e aziendali.<\/p>\n<\/div><\/div>\n\n\n<style>.kadence-column3669_535fef-b0 > .kt-inside-inner-col,.kadence-column3669_535fef-b0 > .kt-inside-inner-col:before{border-top-left-radius:0px;border-top-right-radius:0px;border-bottom-right-radius:0px;border-bottom-left-radius:0px;}.kadence-column3669_535fef-b0 > .kt-inside-inner-col{column-gap:var(--global-kb-gap-sm, 1rem);}.kadence-column3669_535fef-b0 > .kt-inside-inner-col{flex-direction:column;}.kadence-column3669_535fef-b0 > .kt-inside-inner-col > .aligncenter{width:100%;}.kadence-column3669_535fef-b0 > .kt-inside-inner-col:before{opacity:0.3;}.kadence-column3669_535fef-b0{position:relative;}@media all and (max-width: 1024px){.kadence-column3669_535fef-b0 > .kt-inside-inner-col{flex-direction:column;justify-content:center;}}@media all and (max-width: 767px){.kadence-column3669_535fef-b0 > .kt-inside-inner-col{flex-direction:column;justify-content:center;}}<\/style>\n<div class=\"wp-block-kadence-column kadence-column3669_535fef-b0\"><div class=\"kt-inside-inner-col\">\n<p>Oltre al mio lavoro nel dipartimento finanziario, ho portato di mia iniziativa il parco veicoli a un nuovo livello in due grandi aziende internazionali del settore medico.  <\/p>\n\n\n\n<p>Dopo aver analizzato in dettaglio il processo, ho iniziato a creare un concetto dettagliato, che ho poi presentato con successo.  <\/p>\n\n\n\n<p>Seguono la ricerca di partner adeguati, il processo attraverso i vari livelli gerarchici, la preparazione e la realizzazione indipendente.  <\/p>\n\n\n\n<p>Sono riuscito a rendere la flotta non solo pi\u00f9 efficiente dal punto di vista dei costi, ma anche pi\u00f9 strutturata e i suoi processi e numeri pi\u00f9 comprensibili e trasparenti.  <\/p>\n\n\n\n<p>Ho anche incorporato elementi di questa innovazione in un ebook.<\/p>\n\n\n<style>.wp-block-kadence-advancedbtn.kb-btns3669_37092f-71{gap:var(--global-kb-gap-xs, 0.5rem );justify-content:center;align-items:center;}.kt-btns3669_37092f-71 .kt-button{font-weight:normal;font-style:normal;}.kt-btns3669_37092f-71 .kt-btn-wrap-0{margin-right:5px;}.wp-block-kadence-advancedbtn.kt-btns3669_37092f-71 .kt-btn-wrap-0 .kt-button{color:#555555;border-color:#555555;}.wp-block-kadence-advancedbtn.kt-btns3669_37092f-71 .kt-btn-wrap-0 .kt-button:hover, .wp-block-kadence-advancedbtn.kt-btns3669_37092f-71 .kt-btn-wrap-0 .kt-button:focus{color:#ffffff;border-color:#444444;}.wp-block-kadence-advancedbtn.kt-btns3669_37092f-71 .kt-btn-wrap-0 .kt-button::before{display:none;}.wp-block-kadence-advancedbtn.kt-btns3669_37092f-71 .kt-btn-wrap-0 .kt-button:hover, .wp-block-kadence-advancedbtn.kt-btns3669_37092f-71 .kt-btn-wrap-0 .kt-button:focus{background:#444444;}<\/style>\n<div class=\"wp-block-kadence-advancedbtn kb-buttons-wrap kb-btns3669_37092f-71\"><style>ul.menu .wp-block-kadence-advancedbtn .kb-btn3669_37920d-a1.kb-button{width:initial;}.wp-block-kadence-advancedbtn .kb-btn3669_37920d-a1.kb-button{color:var(--ast-global-color-4);background:var(--ast-global-color-0);}<\/style><a class=\"kb-button kt-button button kb-btn3669_37920d-a1 kt-btn-size-large kt-btn-width-type-auto kb-btn-global-inherit  kt-btn-has-text-true kt-btn-has-svg-false  wp-block-button__link wp-block-kadence-singlebtn\" href=\"https:\/\/florian-schreibt.de\/ebook\/\"><span class=\"kt-btn-inner-text\">All&#8217;ebook<\/span><\/a><\/div>\n<\/div><\/div>\n\n<\/div><\/div><\/div>\n<\/div>\n<\/div><\/div>\n\n\n\n<div class=\"wp-block-uagb-container uagb-block-cd6c1cc9 alignwide uagb-is-root-container\">\n<div class=\"wp-block-uagb-container uagb-block-eea037ef\">\n<div class=\"wp-block-uagb-advanced-heading uagb-block-3f5851f9\"><h4 class=\"uagb-heading-text\">Anche sul mio blog c&#8217;\u00e8 sempre qualcosa di nuovo e di interessante.<\/h4><\/div>\n<\/div>\n\n\n\n<div class=\"wp-block-uagb-container uagb-block-e63ccf97\"><style>.wp-block-kadence-advancedbtn.kb-btns3669_3f075e-59{gap:var(--global-kb-gap-xs, 0.5rem );justify-content:center;align-items:center;}.kt-btns3669_3f075e-59 .kt-button{font-weight:normal;font-style:normal;}.kt-btns3669_3f075e-59 .kt-btn-wrap-0{margin-right:5px;}.wp-block-kadence-advancedbtn.kt-btns3669_3f075e-59 .kt-btn-wrap-0 .kt-button{color:#555555;border-color:#555555;}.wp-block-kadence-advancedbtn.kt-btns3669_3f075e-59 .kt-btn-wrap-0 .kt-button:hover, .wp-block-kadence-advancedbtn.kt-btns3669_3f075e-59 .kt-btn-wrap-0 .kt-button:focus{color:#ffffff;border-color:#444444;}.wp-block-kadence-advancedbtn.kt-btns3669_3f075e-59 .kt-btn-wrap-0 .kt-button::before{display:none;}.wp-block-kadence-advancedbtn.kt-btns3669_3f075e-59 .kt-btn-wrap-0 .kt-button:hover, .wp-block-kadence-advancedbtn.kt-btns3669_3f075e-59 .kt-btn-wrap-0 .kt-button:focus{background:#444444;}<\/style>\n<div class=\"wp-block-kadence-advancedbtn kb-buttons-wrap kb-btns3669_3f075e-59\"><style>ul.menu .wp-block-kadence-advancedbtn .kb-btn3669_ffb8c0-37.kb-button{width:initial;}.wp-block-kadence-advancedbtn .kb-btn3669_ffb8c0-37.kb-button{color:var(--ast-global-color-6);background:var(--ast-global-color-0);}<\/style><a class=\"kb-button kt-button button kb-btn3669_ffb8c0-37 kt-btn-size-large kt-btn-width-type-auto kb-btn-global-inherit  kt-btn-has-text-true kt-btn-has-svg-false  wp-block-button__link wp-block-kadence-singlebtn\" href=\"https:\/\/florian-schreibt.de\/blog\/\"><span class=\"kt-btn-inner-text\">Al blog<\/span><\/a><\/div>\n<\/div>\n<\/div>\n\n\n\n<div class=\"wp-block-uagb-container uagb-block-22eba733 alignfull uagb-is-root-container\"><div class=\"uagb-container-inner-blocks-wrap\">\n<div style=\"height:100px\" aria-hidden=\"true\" class=\"wp-block-spacer\"><\/div>\n\n\n\n<div class=\"wp-block-uagb-advanced-heading uagb-block-7cfb7c12\"><h3 class=\"uagb-heading-text\">L&#8217;innovazione \u00e8 la capacit\u00e0 di vedere il cambiamento come un&#8217;opportunit\u00e0 e di dargli forma con passione e competenza.<\/h3><\/div>\n\n\n\n<div style=\"height:100px\" aria-hidden=\"true\" class=\"wp-block-spacer\"><\/div>\n<\/div><\/div>\n","protected":false},"excerpt":{"rendered":"<p>Su di me e sulle mie competenze 2024 Erfahre mehr \u00fcber mich und meine Expertise in Finanzen, Projektmanagement, Fuhrparkmanagement und [&hellip;]<\/p>\n","protected":false},"author":1,"featured_media":0,"parent":0,"menu_order":3,"comment_status":"closed","ping_status":"closed","template":"","meta":{"_uag_custom_page_level_css":"","site-sidebar-layout":"default","site-content-layout":"","ast-site-content-layout":"default","site-content-style":"default","site-sidebar-style":"default","ast-global-header-display":"","ast-banner-title-visibility":"","ast-main-header-display":"","ast-hfb-above-header-display":"","ast-hfb-below-header-display":"","ast-hfb-mobile-header-display":"","site-post-title":"disabled","ast-breadcrumbs-content":"","ast-featured-img":"","footer-sml-layout":"","ast-disable-related-posts":"","theme-transparent-header-meta":"","adv-header-id-meta":"","stick-header-meta":"","header-above-stick-meta":"","header-main-stick-meta":"","header-below-stick-meta":"","astra-migrate-meta-layouts":"default","ast-page-background-enabled":"default","ast-page-background-meta":{"desktop":{"background-color":"var(--ast-global-color-4)","background-image":"","background-repeat":"repeat","background-position":"center center","background-size":"auto","background-attachment":"scroll","background-type":"","background-media":"","overlay-type":"","overlay-color":"","overlay-opacity":"","overlay-gradient":""},"tablet":{"background-color":"","background-image":"","background-repeat":"repeat","background-position":"center center","background-size":"auto","background-attachment":"scroll","background-type":"","background-media":"","overlay-type":"","overlay-color":"","overlay-opacity":"","overlay-gradient":""},"mobile":{"background-color":"","background-image":"","background-repeat":"repeat","background-position":"center center","background-size":"auto","background-attachment":"scroll","background-type":"","background-media":"","overlay-type":"","overlay-color":"","overlay-opacity":"","overlay-gradient":""}},"ast-content-background-meta":{"desktop":{"background-color":"var(--ast-global-color-5)","background-image":"","background-repeat":"repeat","background-position":"center center","background-size":"auto","background-attachment":"scroll","background-type":"","background-media":"","overlay-type":"","overlay-color":"","overlay-opacity":"","overlay-gradient":""},"tablet":{"background-color":"var(--ast-global-color-5)","background-image":"","background-repeat":"repeat","background-position":"center center","background-size":"auto","background-attachment":"scroll","background-type":"","background-media":"","overlay-type":"","overlay-color":"","overlay-opacity":"","overlay-gradient":""},"mobile":{"background-color":"var(--ast-global-color-5)","background-image":"","background-repeat":"repeat","background-position":"center center","background-size":"auto","background-attachment":"scroll","background-type":"","background-media":"","overlay-type":"","overlay-color":"","overlay-opacity":"","overlay-gradient":""}},"footnotes":""},"class_list":["post-3669","page","type-page","status-publish","hentry"],"uagb_featured_image_src":{"full":false,"thumbnail":false,"medium":false,"medium_large":false,"large":false,"1536x1536":false,"2048x2048":false},"uagb_author_info":{"display_name":"Florian","author_link":"https:\/\/florian-schreibt.de\/it\/author\/admin\/"},"uagb_comment_info":0,"uagb_excerpt":"Su di me e sulle mie competenze 2024 Erfahre mehr \u00fcber mich und meine Expertise in Finanzen, Projektmanagement, Fuhrparkmanagement und [&hellip;]","amp_enabled":true,"_links":{"self":[{"href":"https:\/\/florian-schreibt.de\/it\/wp-json\/wp\/v2\/pages\/3669","targetHints":{"allow":["GET"]}}],"collection":[{"href":"https:\/\/florian-schreibt.de\/it\/wp-json\/wp\/v2\/pages"}],"about":[{"href":"https:\/\/florian-schreibt.de\/it\/wp-json\/wp\/v2\/types\/page"}],"author":[{"embeddable":true,"href":"https:\/\/florian-schreibt.de\/it\/wp-json\/wp\/v2\/users\/1"}],"replies":[{"embeddable":true,"href":"https:\/\/florian-schreibt.de\/it\/wp-json\/wp\/v2\/comments?post=3669"}],"version-history":[{"count":3,"href":"https:\/\/florian-schreibt.de\/it\/wp-json\/wp\/v2\/pages\/3669\/revisions"}],"predecessor-version":[{"id":3897,"href":"https:\/\/florian-schreibt.de\/it\/wp-json\/wp\/v2\/pages\/3669\/revisions\/3897"}],"wp:attachment":[{"href":"https:\/\/florian-schreibt.de\/it\/wp-json\/wp\/v2\/media?parent=3669"}],"curies":[{"name":"wp","href":"https:\/\/api.w.org\/{rel}","templated":true}]}}