{"id":3688,"date":"2024-07-07T11:55:59","date_gmt":"2024-07-07T11:55:59","guid":{"rendered":"https:\/\/florian-schreibt.de\/mentions-legales-completes-1-0\/"},"modified":"2024-10-27T13:14:21","modified_gmt":"2024-10-27T13:14:21","slug":"mentions-legales-completes-1-0","status":"publish","type":"page","link":"https:\/\/florian-schreibt.de\/fr\/mentions-legales-completes-1-0\/","title":{"rendered":"Mentions l\u00e9gales compl\u00e8tes 1.0"},"content":{"rendered":"\n<div class=\"wp-block-uagb-container uagb-block-c66c8239 alignwide uagb-is-root-container\">\n<div class=\"wp-block-uagb-image uagb-block-8806c740 wp-block-uagb-image--layout-default wp-block-uagb-image--effect-static wp-block-uagb-image--align-none\"><figure class=\"wp-block-uagb-image__figure\"><img decoding=\"async\" srcset=\"https:\/\/florian-schreibt.de\/wp-content\/uploads\/2024\/07\/Design-ohne-Titel-1-1024x512.png ,https:\/\/florian-schreibt.de\/wp-content\/uploads\/2024\/07\/Design-ohne-Titel-1.png 780w, https:\/\/florian-schreibt.de\/wp-content\/uploads\/2024\/07\/Design-ohne-Titel-1.png 360w\" sizes=\"auto, (max-width: 480px) 150px\" src=\"https:\/\/florian-schreibt.de\/wp-content\/uploads\/2024\/07\/Design-ohne-Titel-1-1024x512.png\" alt=\"Mentions\" class=\"uag-image-669\" width=\"6048\" height=\"3024\" title=\"Impressum\" loading=\"lazy\" role=\"img\"\/><\/figure><\/div>\n<\/div>\n\n\n\n<div class=\"wp-block-uagb-advanced-heading uagb-block-17d7de8f\"><h2 class=\"uagb-heading-text\">Mentions l\u00e9gales 1.0<\/h2><\/div>\n\n\n\n<div class=\"wp-block-uagb-container uagb-block-2e0cc11a alignwide uagb-is-root-container\"><style>.kb-table-of-content-nav.kb-table-of-content-id3688_540e0f-ca .kb-table-of-content-wrap{padding-top:var(--global-kb-spacing-sm, 1.5rem);padding-right:var(--global-kb-spacing-sm, 1.5rem);padding-bottom:var(--global-kb-spacing-sm, 1.5rem);padding-left:var(--global-kb-spacing-sm, 1.5rem);}.kb-table-of-content-nav.kb-table-of-content-id3688_540e0f-ca .kb-table-of-contents-title-wrap{padding-top:0px;padding-right:0px;padding-bottom:0px;padding-left:0px;}.kb-table-of-content-nav.kb-table-of-content-id3688_540e0f-ca .kb-table-of-contents-title{font-weight:regular;font-style:normal;}.kb-table-of-content-nav.kb-table-of-content-id3688_540e0f-ca .kb-table-of-content-wrap .kb-table-of-content-list{font-weight:regular;font-style:normal;margin-top:var(--global-kb-spacing-sm, 1.5rem);margin-right:0px;margin-bottom:0px;margin-left:0px;}<\/style><\/div>\n\n\n\n<div class=\"wp-block-uagb-container uagb-block-6b52beec alignfull uagb-is-root-container\"><div class=\"uagb-container-inner-blocks-wrap\">\n<div class=\"wp-block-uagb-advanced-heading uagb-block-3ed26e57\"><h4 class=\"uagb-heading-text\">Informations selon le \u00a7 5 DDG<\/h4><\/div>\n\n\n\n<p>Florian W\u00fcrstlin<br>Rosenweg 2<br>88682 Salem<\/p>\n\n\n\n<p><strong>Repr\u00e9sent\u00e9 par :<\/strong><br>Florian W\u00fcrstlin<\/p>\n\n\n\n<p><strong>Contact :<\/strong><br>E-mail : <a href=\"mailto:florian@florian-schreibt.de\">florian@florian-schreibt.de<\/a><\/p>\n\n\n\n<p><strong>Num\u00e9ro d&rsquo;identification de la taxe sur le chiffre d&rsquo;affaires :<\/strong><br>Num\u00e9ro d&rsquo;identification de la taxe sur le chiffre d&rsquo;affaires conform\u00e9ment au \u00a727a de la loi sur la taxe sur le chiffre d&rsquo;affaires : DE366130323<\/p>\n\n\n\n<p><br><br><strong>ID \u00e9conomique :<\/strong><br><\/p>\n\n\n\n<div class=\"wp-block-uagb-advanced-heading uagb-block-29fe62c5\"><h4 class=\"uagb-heading-text\">Responsable  <strong>pour le contenu selon \u00a7 55 Abs. 2 RStV <\/strong><\/h4><\/div>\n\n\n\n<p>Florian W\u00fcrstlin<br>Rosenweg 2<br>88682 Salem<\/p>\n\n\n\n<div class=\"wp-block-uagb-advanced-heading uagb-block-a9b59cb3\"><h3 class=\"uagb-heading-text\">Clause de non-responsabilit\u00e9<\/h3><\/div>\n\n\n\n<div class=\"wp-block-uagb-advanced-heading uagb-block-9e753b2b\"><h4 class=\"uagb-heading-text\">Responsabilit\u00e9 du contenu<\/h4><\/div>\n\n\n\n<p>Le contenu de nos pages a \u00e9t\u00e9 \u00e9labor\u00e9 avec le plus grand soin. Nous ne pouvons toutefois pas garantir l&rsquo;exactitude, l&rsquo;exhaustivit\u00e9 et l&rsquo;actualit\u00e9 des contenus. En tant que prestataire de services, nous sommes responsables, conform\u00e9ment au \u00a7 7 alin\u00e9a 1 de la loi allemande sur la protection des donn\u00e9es (DDG), de nos propres contenus sur ces pages selon les lois g\u00e9n\u00e9rales. Conform\u00e9ment aux \u00a7\u00a7 8 \u00e0 10 DDG, nous ne sommes toutefois pas tenus, en tant que prestataire de services, de surveiller les informations externes transmises ou enregistr\u00e9es ou de rechercher les circonstances qui indiquent une activit\u00e9 ill\u00e9gale.      <\/p>\n\n\n\n<p>Les obligations de supprimer ou de bloquer l&rsquo;utilisation d&rsquo;informations conform\u00e9ment aux lois g\u00e9n\u00e9rales restent inchang\u00e9es.<\/p>\n\n\n\n<p>Une responsabilit\u00e9 \u00e0 cet \u00e9gard n&rsquo;est toutefois possible qu&rsquo;\u00e0 partir du moment o\u00f9 une violation concr\u00e8te de la loi est connue. D\u00e8s que nous aurons connaissance d&rsquo;une telle violation, nous retirerons imm\u00e9diatement les contenus concern\u00e9s. <\/p>\n\n\n\n<div class=\"wp-block-uagb-advanced-heading uagb-block-de670e23\"><h4 class=\"uagb-heading-text\">Responsabilit\u00e9 pour les liens<\/h4><\/div>\n\n\n\n<p>Notre offre contient des liens vers des sites web externes de tiers, sur le contenu desquels nous n&rsquo;avons aucune influence (mentions l\u00e9gales standard). C&rsquo;est pourquoi nous ne pouvons pas non plus nous porter garants de ces contenus externes et c&rsquo;est express\u00e9ment mentionn\u00e9 dans ces mentions l\u00e9gales. Le fournisseur ou l&rsquo;exploitant des pages li\u00e9es est toujours responsable des contenus de ces pages. Les pages li\u00e9es ont \u00e9t\u00e9 contr\u00f4l\u00e9es au moment de la mise en place des liens afin de v\u00e9rifier qu&rsquo;elles n&rsquo;enfreignaient pas la loi.     <\/p>\n\n\n\n<p>Aucun contenu ill\u00e9gal n&rsquo;a \u00e9t\u00e9 identifi\u00e9 au moment de la cr\u00e9ation des liens. Un contr\u00f4le permanent du contenu des pages li\u00e9es n&rsquo;est cependant pas exigible sans indices concrets d&rsquo;une violation de la loi. D\u00e8s que nous aurons connaissance d&rsquo;une violation de la loi, nous supprimerons imm\u00e9diatement les liens concern\u00e9s.  <\/p>\n\n\n\n<div class=\"wp-block-uagb-advanced-heading uagb-block-8a47c1ce\"><h4 class=\"uagb-heading-text\">Droit d&rsquo;auteur<\/h4><\/div>\n\n\n\n<p>Les contenus et les \u0153uvres cr\u00e9\u00e9s par les exploitants de ces pages sont soumis au droit d&rsquo;auteur allemand. La reproduction, le traitement, la diffusion et toute forme d&rsquo;exploitation en dehors des limites du droit d&rsquo;auteur requi\u00e8rent l&rsquo;accord \u00e9crit de l&rsquo;auteur ou du cr\u00e9ateur concern\u00e9.   <\/p>\n\n\n\n<p>Les t\u00e9l\u00e9chargements et les copies de cette page ne sont autoris\u00e9s que pour un usage priv\u00e9 et non commercial. Dans la mesure o\u00f9 les contenus de ce site n&rsquo;ont pas \u00e9t\u00e9 cr\u00e9\u00e9s par l&rsquo;exploitant, les droits d&rsquo;auteur de tiers sont respect\u00e9s. Les contenus de tiers sont notamment identifi\u00e9s comme tels. Si vous deviez n\u00e9anmoins constater une violation des droits d&rsquo;auteur, nous vous prions de nous en informer. D\u00e8s la prise de connaissance d&rsquo;une violation de la loi, nous supprimerons imm\u00e9diatement les contenus concern\u00e9s.    <\/p>\n\n\n\n<div class=\"wp-block-uagb-advanced-heading uagb-block-4644ba9e\"><h4 class=\"uagb-heading-text\">Protection des donn\u00e9es<\/h4><\/div>\n\n\n\n<p><br>En r\u00e8gle g\u00e9n\u00e9rale, l&rsquo;utilisation de notre site web est possible sans indication de donn\u00e9es personnelles. Dans la mesure o\u00f9 des donn\u00e9es personnelles (par exemple nom, adresse ou adresses e-mail) sont collect\u00e9es sur notre site, elles le sont toujours, dans la mesure du possible, sur une base volontaire. Ces donn\u00e9es ne sont pas transmises \u00e0 des tiers sans votre accord explicite.  <\/p>\n\n\n\n<div class=\"wp-block-uagb-container uagb-block-e19bcec8\">\n<header class=\"wp-block-uagb-advanced-heading uagb-block-5e46fee0\"><h3 class=\"uagb-heading-text\">La d\u00e9claration de confidentialit\u00e9<\/h3><\/header>\n\n\n<style>.wp-block-kadence-advancedbtn.kb-btns3688_e933eb-34{gap:var(--global-kb-gap-xs, 0.5rem );justify-content:center;align-items:center;}.kt-btns3688_e933eb-34 .kt-button{font-weight:normal;font-style:normal;}.kt-btns3688_e933eb-34 .kt-btn-wrap-0{margin-right:5px;}.wp-block-kadence-advancedbtn.kt-btns3688_e933eb-34 .kt-btn-wrap-0 .kt-button{color:#555555;border-color:#555555;}.wp-block-kadence-advancedbtn.kt-btns3688_e933eb-34 .kt-btn-wrap-0 .kt-button:hover, .wp-block-kadence-advancedbtn.kt-btns3688_e933eb-34 .kt-btn-wrap-0 .kt-button:focus{color:#ffffff;border-color:#444444;}.wp-block-kadence-advancedbtn.kt-btns3688_e933eb-34 .kt-btn-wrap-0 .kt-button::before{display:none;}.wp-block-kadence-advancedbtn.kt-btns3688_e933eb-34 .kt-btn-wrap-0 .kt-button:hover, .wp-block-kadence-advancedbtn.kt-btns3688_e933eb-34 .kt-btn-wrap-0 .kt-button:focus{background:#444444;}<\/style>\n<div class=\"wp-block-kadence-advancedbtn kb-buttons-wrap kb-btns3688_e933eb-34\"><style>ul.menu .wp-block-kadence-advancedbtn .kb-btn3688_5ecbdc-c9.kb-button{width:initial;}.wp-block-kadence-advancedbtn .kb-btn3688_5ecbdc-c9.kb-button{background:var(--ast-global-color-1);}<\/style><a class=\"kb-button kt-button button kb-btn3688_5ecbdc-c9 kt-btn-size-standard kt-btn-width-type-auto kb-btn-global-inherit  kt-btn-has-text-true kt-btn-has-svg-false  wp-block-button__link wp-block-kadence-singlebtn\" href=\"https:\/\/florian-schreibt.de\/datenschutzerklaerung-stand-15-07-2024\/\"><span class=\"kt-btn-inner-text\">Allez<\/span><\/a><\/div>\n<\/div>\n\n\n\n<p><br>Nous attirons votre attention sur le fait que la transmission de donn\u00e9es sur Internet (p. ex. lors de la communication par e-mail) peut pr\u00e9senter des failles de s\u00e9curit\u00e9. Une protection sans faille des donn\u00e9es contre l&rsquo;acc\u00e8s par des tiers n&rsquo;est pas possible. Ceci est \u00e9galement mentionn\u00e9 dans les pr\u00e9sentes mentions l\u00e9gales.  <br><\/p>\n\n\n\n<p>L&rsquo;utilisation par des tiers des donn\u00e9es de contact publi\u00e9es dans le cadre des mentions l\u00e9gales obligatoires pour l&rsquo;envoi de publicit\u00e9 et de mat\u00e9riel d&rsquo;information non express\u00e9ment demand\u00e9s est express\u00e9ment interdite. Les exploitants des pages se r\u00e9servent express\u00e9ment le droit d&rsquo;engager des poursuites judiciaires en cas d&rsquo;envoi non sollicit\u00e9 d&rsquo;informations publicitaires, par exemple par le biais de spams. <\/p>\n\n\n\n<div class=\"wp-block-uagb-advanced-heading uagb-block-0cacbef0\"><h3 class=\"uagb-heading-text\">Google Analytics<\/h3><\/div>\n\n\n\n<p>Ce site web utilise Google Analytics, un service d&rsquo;analyse web de Google Inc (\u00a0\u00bbGoogle\u00a0\u00bb). Google Analytics utilise des \u00a0\u00bbcookies\u00a0\u00bb, des fichiers texte qui sont enregistr\u00e9s sur votre ordinateur et qui permettent d&rsquo;analyser votre utilisation du site web. Les donn\u00e9es g\u00e9n\u00e9r\u00e9es par les cookies concernant votre utilisation du site (y compris votre adresse IP) seront transmises et stock\u00e9es par Google sur des serveurs situ\u00e9s aux Etats-Unis.     <\/p>\n\n\n\n<p>Google utilisera cette information dans le but d&rsquo;\u00e9valuer votre utilisation du site, de compiler des rapports sur l&rsquo;activit\u00e9 du site \u00e0 destination de son \u00e9diteur et de fournir d&rsquo;autres services relatifs \u00e0 l&rsquo;activit\u00e9 du site et \u00e0 l&rsquo;utilisation d&rsquo;Internet.<\/p>\n\n\n\n<p>Google peut \u00e9galement transmettre ces informations \u00e0 des tiers si la loi l&rsquo;exige ou si des tiers traitent ces donn\u00e9es pour le compte de Google. Google n&rsquo;associera en aucun cas votre adresse IP \u00e0 d&rsquo;autres donn\u00e9es de Google.   <\/p>\n\n\n\n<p>Vous pouvez emp\u00eacher l&rsquo;installation des cookies en param\u00e9trant votre navigateur en cons\u00e9quence ; nous attirons toutefois votre attention sur le fait que, dans ce cas, vous ne pourrez peut-\u00eatre pas utiliser toutes les fonctions de ce site web dans leur int\u00e9gralit\u00e9. En utilisant ce site web, vous acceptez que les donn\u00e9es collect\u00e9es \u00e0 votre sujet par Google soient trait\u00e9es de la mani\u00e8re et aux fins d\u00e9crites ci-dessus. <\/p>\n\n\n\n<div class=\"wp-block-uagb-container uagb-block-ad76a49b\">\n<header class=\"wp-block-uagb-advanced-heading uagb-block-baf9a47f\"><h5 class=\"uagb-heading-text\">Vers le site de Google Analytics<\/h5><\/header>\n\n\n<style>.wp-block-kadence-advancedbtn.kb-btns3688_d5e9fa-ec{gap:var(--global-kb-gap-xs, 0.5rem );justify-content:center;align-items:center;}.kt-btns3688_d5e9fa-ec .kt-button{font-weight:normal;font-style:normal;}.kt-btns3688_d5e9fa-ec .kt-btn-wrap-0{margin-right:5px;}.wp-block-kadence-advancedbtn.kt-btns3688_d5e9fa-ec .kt-btn-wrap-0 .kt-button{color:#555555;border-color:#555555;}.wp-block-kadence-advancedbtn.kt-btns3688_d5e9fa-ec .kt-btn-wrap-0 .kt-button:hover, .wp-block-kadence-advancedbtn.kt-btns3688_d5e9fa-ec .kt-btn-wrap-0 .kt-button:focus{color:#ffffff;border-color:#444444;}.wp-block-kadence-advancedbtn.kt-btns3688_d5e9fa-ec .kt-btn-wrap-0 .kt-button::before{display:none;}.wp-block-kadence-advancedbtn.kt-btns3688_d5e9fa-ec .kt-btn-wrap-0 .kt-button:hover, .wp-block-kadence-advancedbtn.kt-btns3688_d5e9fa-ec .kt-btn-wrap-0 .kt-button:focus{background:#444444;}<\/style>\n<div class=\"wp-block-kadence-advancedbtn kb-buttons-wrap kb-btns3688_d5e9fa-ec\"><style>.wp-block-kadence-advancedbtn .kb-btn3688_a833b9-e5.kb-button{background:var(--ast-global-color-1);}<\/style><a class=\"kb-button kt-button button kb-btn3688_a833b9-e5 kt-btn-size-standard kt-btn-width-type-fixed kb-btn-global-inherit  kt-btn-has-text-true kt-btn-has-svg-false  wp-block-button__link wp-block-kadence-singlebtn\" href=\"https:\/\/marketingplatform.google.com\/about\/analytics\/terms\/de\/\" target=\"_blank\" rel=\"noopener\"><span class=\"kt-btn-inner-text\">Allez<\/span><\/a><\/div>\n<\/div>\n\n\n\n<div class=\"wp-block-uagb-advanced-heading uagb-block-6b325a15\"><h3 class=\"uagb-heading-text\">Google AdSense<\/h3><\/div>\n\n\n\n<p>Ce site web utilise Google Adsense, un service d&rsquo;annonces web de Google Inc., USA (\u00a0\u00bbGoogle\u00a0\u00bb). Google Adsense utilise des \u00a0\u00bbcookies\u00a0\u00bb (fichiers texte) qui sont enregistr\u00e9s sur votre ordinateur et qui permettent une analyse de votre utilisation du site web. Google Adsense utilise \u00e9galement des \u00a0\u00bbbalises web\u00a0\u00bb (petits graphiques invisibles) pour collecter des informations.  <\/p>\n\n\n\n<p>L&rsquo;utilisation de la balise web permet d&rsquo;enregistrer et de collecter des actions simples telles que le trafic des visiteurs sur le site web. Les informations g\u00e9n\u00e9r\u00e9es par le cookie et\/ou la balise web concernant votre utilisation de ce site web (y compris votre adresse IP) sont transmises \u00e0 un serveur de Google aux \u00c9tats-Unis et y sont stock\u00e9es. <\/p>\n\n\n\n<p>Google utilisera cette information dans le but d&rsquo;\u00e9valuer votre utilisation du site en ce qui concerne les annonces, de compiler des rapports sur l&rsquo;activit\u00e9 du site et des annonces pour les op\u00e9rateurs de sites Web et de fournir d&rsquo;autres services li\u00e9s \u00e0 l&rsquo;activit\u00e9 du site et l&rsquo;utilisation d&rsquo;Internet.  <\/p>\n\n\n\n<p>Google peut \u00e9galement transmettre ces informations \u00e0 des tiers si la loi l&rsquo;exige ou si des tiers traitent ces donn\u00e9es pour le compte de Google. Google n&rsquo;associera en aucun cas votre adresse IP \u00e0 d&rsquo;autres donn\u00e9es de Google. Vous pouvez emp\u00eacher l&rsquo;enregistrement de cookies sur votre disque dur et l&rsquo;affichage de balises web en s\u00e9lectionnant \u00a0\u00bbNe pas accepter les cookies\u00a0\u00bb dans les param\u00e8tres de votre navigateur (dans MS Internet-Explorer sous \u00a0\u00bbOutils &gt; Options Internet &gt; Confidentialit\u00e9 &gt; Param\u00e8tres\u00a0\u00bb ; dans Firefox sous \u00a0\u00bbOutils &gt; Param\u00e8tres &gt; Confidentialit\u00e9 &gt; Cookies\u00a0\u00bb) ; nous attirons toutefois votre attention sur le fait que, dans ce cas, vous ne pourrez peut-\u00eatre pas utiliser toutes les fonctions de ce site web dans leur int\u00e9gralit\u00e9.    <\/p>\n\n\n\n<p>En utilisant ce site internet, vous consentez express\u00e9ment au traitement de vos donn\u00e9es nominatives par Google dans les conditions et pour les finalit\u00e9s d\u00e9crites ci-dessus.<\/p>\n\n\n\n<div class=\"wp-block-uagb-container uagb-block-4400e227\">\n<header class=\"wp-block-uagb-advanced-heading uagb-block-008aa721\"><h5 class=\"uagb-heading-text\">Vers le site de Google AdSense<\/h5><\/header>\n\n\n<style>.wp-block-kadence-advancedbtn.kb-btns3688_14c8b8-ea{gap:var(--global-kb-gap-xs, 0.5rem );justify-content:center;align-items:center;}.kt-btns3688_14c8b8-ea .kt-button{font-weight:normal;font-style:normal;}.kt-btns3688_14c8b8-ea .kt-btn-wrap-0{margin-right:5px;}.wp-block-kadence-advancedbtn.kt-btns3688_14c8b8-ea .kt-btn-wrap-0 .kt-button{color:#555555;border-color:#555555;}.wp-block-kadence-advancedbtn.kt-btns3688_14c8b8-ea .kt-btn-wrap-0 .kt-button:hover, .wp-block-kadence-advancedbtn.kt-btns3688_14c8b8-ea .kt-btn-wrap-0 .kt-button:focus{color:#ffffff;border-color:#444444;}.wp-block-kadence-advancedbtn.kt-btns3688_14c8b8-ea .kt-btn-wrap-0 .kt-button::before{display:none;}.wp-block-kadence-advancedbtn.kt-btns3688_14c8b8-ea .kt-btn-wrap-0 .kt-button:hover, .wp-block-kadence-advancedbtn.kt-btns3688_14c8b8-ea .kt-btn-wrap-0 .kt-button:focus{background:#444444;}<\/style>\n<div class=\"wp-block-kadence-advancedbtn kb-buttons-wrap kb-btns3688_14c8b8-ea\"><style>ul.menu .wp-block-kadence-advancedbtn .kb-btn3688_26ba7b-1f.kb-button{width:initial;}.wp-block-kadence-advancedbtn .kb-btn3688_26ba7b-1f.kb-button{background:var(--ast-global-color-1);}<\/style><a class=\"kb-button kt-button button kb-btn3688_26ba7b-1f kt-btn-size-standard kt-btn-width-type-auto kb-btn-global-inherit  kt-btn-has-text-true kt-btn-has-svg-false  wp-block-button__link wp-block-kadence-singlebtn\" href=\"https:\/\/www.google.com\/adsense\/tc\/2018\/Germany.html\" target=\"_blank\" rel=\"noopener\"><span class=\"kt-btn-inner-text\">Allez<\/span><\/a><\/div>\n<\/div>\n\n\n\n<div class=\"wp-block-uagb-container uagb-block-5437f8e0\">\n<header class=\"wp-block-uagb-advanced-heading uagb-block-f24b59e7\"><h3 class=\"uagb-heading-text\">Contacte-moi si tu as des questions sur les mentions l\u00e9gales ou d&rsquo;autres pr\u00e9occupations<\/h3><\/header>\n\n\n<style>.wp-block-kadence-advancedbtn.kb-btns3688_f6434e-c3{gap:var(--global-kb-gap-xs, 0.5rem );justify-content:center;align-items:center;}.kt-btns3688_f6434e-c3 .kt-button{font-weight:normal;font-style:normal;}.kt-btns3688_f6434e-c3 .kt-btn-wrap-0{margin-right:5px;}.wp-block-kadence-advancedbtn.kt-btns3688_f6434e-c3 .kt-btn-wrap-0 .kt-button{color:#555555;border-color:#555555;}.wp-block-kadence-advancedbtn.kt-btns3688_f6434e-c3 .kt-btn-wrap-0 .kt-button:hover, .wp-block-kadence-advancedbtn.kt-btns3688_f6434e-c3 .kt-btn-wrap-0 .kt-button:focus{color:#ffffff;border-color:#444444;}.wp-block-kadence-advancedbtn.kt-btns3688_f6434e-c3 .kt-btn-wrap-0 .kt-button::before{display:none;}.wp-block-kadence-advancedbtn.kt-btns3688_f6434e-c3 .kt-btn-wrap-0 .kt-button:hover, .wp-block-kadence-advancedbtn.kt-btns3688_f6434e-c3 .kt-btn-wrap-0 .kt-button:focus{background:#444444;}<\/style>\n<div class=\"wp-block-kadence-advancedbtn kb-buttons-wrap kb-btns3688_f6434e-c3\"><style>ul.menu .wp-block-kadence-advancedbtn .kb-btn3688_2f3dfa-2e.kb-button{width:initial;}.wp-block-kadence-advancedbtn .kb-btn3688_2f3dfa-2e.kb-button{background:var(--ast-global-color-1);}<\/style><a class=\"kb-button kt-button button kb-btn3688_2f3dfa-2e kt-btn-size-standard kt-btn-width-type-auto kb-btn-global-inherit  kt-btn-has-text-true kt-btn-has-svg-false  wp-block-button__link wp-block-kadence-singlebtn\" href=\"https:\/\/florian-schreibt.de\/kontakt\/\"><span class=\"kt-btn-inner-text\">Allez<\/span><\/a><\/div>\n<\/div>\n<\/div><\/div>\n","protected":false},"excerpt":{"rendered":"<p>Mentions l\u00e9gales 1.0 Informations selon le \u00a7 5 DDG Florian W\u00fcrstlinRosenweg 288682 Salem Repr\u00e9sent\u00e9 par :Florian W\u00fcrstlin Contact :E-mail : [&hellip;]<\/p>\n","protected":false},"author":1,"featured_media":0,"parent":0,"menu_order":5,"comment_status":"closed","ping_status":"closed","template":"","meta":{"_uag_custom_page_level_css":"","site-sidebar-layout":"default","site-content-layout":"","ast-site-content-layout":"default","site-content-style":"default","site-sidebar-style":"default","ast-global-header-display":"","ast-banner-title-visibility":"","ast-main-header-display":"","ast-hfb-above-header-display":"","ast-hfb-below-header-display":"","ast-hfb-mobile-header-display":"","site-post-title":"disabled","ast-breadcrumbs-content":"","ast-featured-img":"","footer-sml-layout":"","ast-disable-related-posts":"","theme-transparent-header-meta":"","adv-header-id-meta":"","stick-header-meta":"","header-above-stick-meta":"","header-main-stick-meta":"","header-below-stick-meta":"","astra-migrate-meta-layouts":"default","ast-page-background-enabled":"default","ast-page-background-meta":{"desktop":{"background-color":"var(--ast-global-color-4)","background-image":"","background-repeat":"repeat","background-position":"center center","background-size":"auto","background-attachment":"scroll","background-type":"","background-media":"","overlay-type":"","overlay-color":"","overlay-opacity":"","overlay-gradient":""},"tablet":{"background-color":"","background-image":"","background-repeat":"repeat","background-position":"center center","background-size":"auto","background-attachment":"scroll","background-type":"","background-media":"","overlay-type":"","overlay-color":"","overlay-opacity":"","overlay-gradient":""},"mobile":{"background-color":"","background-image":"","background-repeat":"repeat","background-position":"center center","background-size":"auto","background-attachment":"scroll","background-type":"","background-media":"","overlay-type":"","overlay-color":"","overlay-opacity":"","overlay-gradient":""}},"ast-content-background-meta":{"desktop":{"background-color":"var(--ast-global-color-5)","background-image":"","background-repeat":"repeat","background-position":"center center","background-size":"auto","background-attachment":"scroll","background-type":"","background-media":"","overlay-type":"","overlay-color":"","overlay-opacity":"","overlay-gradient":""},"tablet":{"background-color":"var(--ast-global-color-5)","background-image":"","background-repeat":"repeat","background-position":"center center","background-size":"auto","background-attachment":"scroll","background-type":"","background-media":"","overlay-type":"","overlay-color":"","overlay-opacity":"","overlay-gradient":""},"mobile":{"background-color":"var(--ast-global-color-5)","background-image":"","background-repeat":"repeat","background-position":"center center","background-size":"auto","background-attachment":"scroll","background-type":"","background-media":"","overlay-type":"","overlay-color":"","overlay-opacity":"","overlay-gradient":""}},"footnotes":""},"class_list":["post-3688","page","type-page","status-publish","hentry"],"uagb_featured_image_src":{"full":false,"thumbnail":false,"medium":false,"medium_large":false,"large":false,"1536x1536":false,"2048x2048":false},"uagb_author_info":{"display_name":"Florian","author_link":"https:\/\/florian-schreibt.de\/fr\/author\/admin\/"},"uagb_comment_info":0,"uagb_excerpt":"Mentions l\u00e9gales 1.0 Informations selon le \u00a7 5 DDG Florian W\u00fcrstlinRosenweg 288682 Salem Repr\u00e9sent\u00e9 par :Florian W\u00fcrstlin Contact :E-mail : [&hellip;]","amp_enabled":true,"_links":{"self":[{"href":"https:\/\/florian-schreibt.de\/fr\/wp-json\/wp\/v2\/pages\/3688","targetHints":{"allow":["GET"]}}],"collection":[{"href":"https:\/\/florian-schreibt.de\/fr\/wp-json\/wp\/v2\/pages"}],"about":[{"href":"https:\/\/florian-schreibt.de\/fr\/wp-json\/wp\/v2\/types\/page"}],"author":[{"embeddable":true,"href":"https:\/\/florian-schreibt.de\/fr\/wp-json\/wp\/v2\/users\/1"}],"replies":[{"embeddable":true,"href":"https:\/\/florian-schreibt.de\/fr\/wp-json\/wp\/v2\/comments?post=3688"}],"version-history":[{"count":3,"href":"https:\/\/florian-schreibt.de\/fr\/wp-json\/wp\/v2\/pages\/3688\/revisions"}],"predecessor-version":[{"id":3974,"href":"https:\/\/florian-schreibt.de\/fr\/wp-json\/wp\/v2\/pages\/3688\/revisions\/3974"}],"wp:attachment":[{"href":"https:\/\/florian-schreibt.de\/fr\/wp-json\/wp\/v2\/media?parent=3688"}],"curies":[{"name":"wp","href":"https:\/\/api.w.org\/{rel}","templated":true}]}}