{"id":3659,"date":"2024-07-07T11:52:53","date_gmt":"2024-07-07T11:52:53","guid":{"rendered":"https:\/\/florian-schreibt.de\/ia-finances-gestion-de-parc-automobile-plus-blog-ebook-chez-florian-schreibe-de\/"},"modified":"2024-10-27T12:43:06","modified_gmt":"2024-10-27T12:43:06","slug":"ia-finances-voyage-plus-blog-ebook-chez-florian-schreibt-de","status":"publish","type":"page","link":"https:\/\/florian-schreibt.de\/fr\/ia-finances-voyage-plus-blog-ebook-chez-florian-schreibt-de\/","title":{"rendered":"IA, finances, voyages &amp; plus-Blog &amp; ebook chez florian-schreibt.de"},"content":{"rendered":"\n<div class=\"wp-block-uagb-container uagb-block-5fe6a32d alignfull uagb-is-root-container\">\n<div data-aos= \"fade-right\" data-aos-duration=\"400\" data-aos-delay=\"0\" data-aos-easing=\"ease\" data-aos-once=\"true\" class=\"wp-block-uagb-advanced-heading uagb-block-739ef4ec\"><h1 class=\"uagb-heading-text\">Savais-tu que l&rsquo;exp\u00e9rience et l&rsquo;innovation peuvent se compl\u00e9ter parfaitement ? Dans IA, Finances et autres?<\/h1><\/div>\n\n\n\n<div class=\"wp-block-uagb-advanced-heading uagb-block-98e4bfaf\"><h2 class=\"uagb-heading-text\">Content de te voir !<\/h2><p class=\"uagb-desc-text\">Des articles passionnants, des analyses approfondies et des aper\u00e7us d&rsquo;un monde int\u00e9ressant t&rsquo;attendent.<\/p><\/div>\n\n\n\n<div class=\"wp-block-uagb-advanced-heading uagb-block-0a47dfb2\"><h2 class=\"uagb-heading-text\">Pr\u00eat pour la nouveaut\u00e9 ?<\/h2><p class=\"uagb-desc-text\">Parcourez mes articles, laissez-vous inspirer par de nouvelles perspectives et d\u00e9couvrez comment le savoir et l&rsquo;innovation se combinent chez moi.<\/p><\/div>\n<\/div>\n\n\n\n<div class=\"wp-block-uagb-container uagb-block-af742380 alignfull uagb-is-root-container\"><div class=\"uagb-container-inner-blocks-wrap\">\n<div class=\"wp-block-uagb-advanced-heading uagb-block-6a706c08\"><h2 class=\"uagb-heading-text\">Mon blog<\/h2><div class=\"uagb-separator\"><\/div><p class=\"uagb-desc-text\">Commen\u00e7ons tout de suite avec les derniers messages<\/p><\/div>\n\n\n\n\t\t\t<div class=\"wp-block-uagb-post-carousel uagb-post-grid  uagb-post__image-position-top uagb-post__image-disabled uagb-block-69635b38     uagb-post__arrow-outside uagb-post__items uagb-post__columns-3 is-carousel uagb-post__columns-tablet-2 uagb-post__columns-mobile-1 uagb-post__carousel_equal-height\" data-total=\"5\" style=\"\">\n\n\t\t\t\t\t\t\t\t\t\t\t\t<article class=\"uagb-post__inner-wrap\">\t\t\t\t\t\t\t\t<h4 class=\"uagb-post__title uagb-post__text\">\n\t\t\t\t<a href=\"https:\/\/florian-schreibt.de\/fr\/slow-travel-decouverte-attentive-2025\/\" target=\"_self\" rel=\"bookmark noopener noreferrer\">Ma fa\u00e7on de voyager : \u00ab\u00a0Slow Travel\u00a0\u00bb et la d\u00e9couverte attentive 2025<\/a>\n\t\t\t<\/h4>\n\t\t\t\t\t\t<div class='uagb-post__text uagb-post-grid-byline'>\n\t\t\t\t\t\t\t\t<time datetime=\"2025-03-07T15:57:19+00:00\" class=\"uagb-post__date\">\n\t\t\t\t<span class=\"dashicons-calendar dashicons\"><\/span>\t\t\t\t\t7 mars 2025\t\t\t\t<\/time>\n\t\t\t\t\t\t<\/div>\n\t\t\t\t\t\t<div class=\"uagb-post__text uagb-post__cta wp-block-button\">\n\t\t\t\t<a class=\"wp-block-button__link uagb-text-link\" style=\"\" href=\"https:\/\/florian-schreibt.de\/fr\/slow-travel-decouverte-attentive-2025\/\" target=\"_self\" rel=\"bookmark noopener noreferrer\">Lire la suite<\/a>\n\t\t\t<\/div>\n\t\t\t\n\t\t\t\t\t\t\t\t\t<\/article>\n\t\t\t\t\t\t\t\t\t\t\t\t\t\t\t\t<article class=\"uagb-post__inner-wrap\">\t\t\t\t\t\t\t\t<h4 class=\"uagb-post__title uagb-post__text\">\n\t\t\t\t<a href=\"https:\/\/florian-schreibt.de\/fr\/voiture-electrique-2025-experiences\/\" target=\"_self\" rel=\"bookmark noopener noreferrer\">La voiture \u00e9lectrique 2025 &#8211; Exp\u00e9riences, conseils et faits sur les voitures \u00e9lectriques<\/a>\n\t\t\t<\/h4>\n\t\t\t\t\t\t<div class='uagb-post__text uagb-post-grid-byline'>\n\t\t\t\t\t\t\t\t<time datetime=\"2025-01-26T12:50:50+00:00\" class=\"uagb-post__date\">\n\t\t\t\t<span class=\"dashicons-calendar dashicons\"><\/span>\t\t\t\t\t26 janvier 2025\t\t\t\t<\/time>\n\t\t\t\t\t\t<\/div>\n\t\t\t\t\t\t<div class=\"uagb-post__text uagb-post__cta wp-block-button\">\n\t\t\t\t<a class=\"wp-block-button__link uagb-text-link\" style=\"\" href=\"https:\/\/florian-schreibt.de\/fr\/voiture-electrique-2025-experiences\/\" target=\"_self\" rel=\"bookmark noopener noreferrer\">Lire la suite<\/a>\n\t\t\t<\/div>\n\t\t\t\n\t\t\t\t\t\t\t\t\t<\/article>\n\t\t\t\t\t\t\t\t\t\t\t\t\t\t\t\t<article class=\"uagb-post__inner-wrap\">\t\t\t\t\t\t\t\t<h4 class=\"uagb-post__title uagb-post__text\">\n\t\t\t\t<a href=\"https:\/\/florian-schreibt.de\/fr\/donon-vosges-2024-montagne-des-vents-geles\/\" target=\"_self\" rel=\"bookmark noopener noreferrer\">Donon Vosges 2024- Randonn\u00e9e sur la montagne des vents gel\u00e9s<\/a>\n\t\t\t<\/h4>\n\t\t\t\t\t\t<div class='uagb-post__text uagb-post-grid-byline'>\n\t\t\t\t\t\t\t\t<time datetime=\"2024-12-20T10:53:22+00:00\" class=\"uagb-post__date\">\n\t\t\t\t<span class=\"dashicons-calendar dashicons\"><\/span>\t\t\t\t\t20 d\u00e9cembre 2024\t\t\t\t<\/time>\n\t\t\t\t\t\t<\/div>\n\t\t\t\t\t\t<div class=\"uagb-post__text uagb-post__cta wp-block-button\">\n\t\t\t\t<a class=\"wp-block-button__link uagb-text-link\" style=\"\" href=\"https:\/\/florian-schreibt.de\/fr\/donon-vosges-2024-montagne-des-vents-geles\/\" target=\"_self\" rel=\"bookmark noopener noreferrer\">Lire la suite<\/a>\n\t\t\t<\/div>\n\t\t\t\n\t\t\t\t\t\t\t\t\t<\/article>\n\t\t\t\t\t\t\t\t\t\t\t<\/div>\n\t\t\t\n\n\n<div class=\"wp-block-uagb-container uagb-block-34eaf5c7 alignfull uagb-is-root-container\"><div class=\"uagb-container-inner-blocks-wrap\"><style>.wp-block-kadence-advancedbtn.kb-btns3659_6be402-fc{gap:var(--global-kb-gap-xs, 0.5rem );justify-content:center;align-items:center;}.kt-btns3659_6be402-fc .kt-button{font-weight:normal;font-style:normal;}.kt-btns3659_6be402-fc .kt-btn-wrap-0{margin-right:5px;}.wp-block-kadence-advancedbtn.kt-btns3659_6be402-fc .kt-btn-wrap-0 .kt-button{color:#555555;border-color:#555555;}.wp-block-kadence-advancedbtn.kt-btns3659_6be402-fc .kt-btn-wrap-0 .kt-button:hover, .wp-block-kadence-advancedbtn.kt-btns3659_6be402-fc .kt-btn-wrap-0 .kt-button:focus{color:#ffffff;border-color:#444444;}.wp-block-kadence-advancedbtn.kt-btns3659_6be402-fc .kt-btn-wrap-0 .kt-button::before{display:none;}.wp-block-kadence-advancedbtn.kt-btns3659_6be402-fc .kt-btn-wrap-0 .kt-button:hover, .wp-block-kadence-advancedbtn.kt-btns3659_6be402-fc .kt-btn-wrap-0 .kt-button:focus{background:#444444;}<\/style>\n<div class=\"wp-block-kadence-advancedbtn kb-buttons-wrap kb-btns3659_6be402-fc\"><style>ul.menu .wp-block-kadence-advancedbtn .kb-btn3659_4c49ce-73.kb-button{width:initial;}.wp-block-kadence-advancedbtn .kb-btn3659_4c49ce-73.kb-button{color:var(--ast-global-color-6);background:var(--ast-global-color-0);}<\/style><a class=\"kb-button kt-button button kb-btn3659_4c49ce-73 kt-btn-size-standard kt-btn-width-type-auto kb-btn-global-inherit  kt-btn-has-text-true kt-btn-has-svg-false  wp-block-button__link wp-block-kadence-singlebtn\" href=\"https:\/\/florian-schreibt.de\/blog\/\"><span class=\"kt-btn-inner-text\">Vers le blog<\/span><\/a><\/div>\n<\/div><\/div>\n<\/div><\/div>\n\n\n\n<div class=\"wp-block-uagb-container uagb-block-e6bc50fc alignfull uagb-is-root-container\"><div class=\"uagb-container-inner-blocks-wrap\">\n<div class=\"wp-block-uagb-container uagb-block-e4ae5ee7\">\n<div data-aos= \"fade-right\" data-aos-duration=\"400\" data-aos-delay=\"0\" data-aos-easing=\"ease\" data-aos-once=\"true\" class=\"wp-block-uagb-info-box uagb-block-bda84c5e uagb-infobox__content-wrap  uagb-infobox-icon-above-title uagb-infobox-image-valign-top wp-block-uagb-info-box--has-margin\"><div class=\"uagb-infobox-margin-wrapper\"><div class=\"uagb-ifb-content\"><div class=\"uagb-ifb-title-wrap\"><h2 class=\"uagb-ifb-title\">Ma passion<\/h2><\/div><\/div><\/div><\/div>\n\n\n\n<div data-aos= \"fade-right\" data-aos-duration=\"400\" data-aos-delay=\"0\" data-aos-easing=\"ease\" data-aos-once=\"true\" class=\"wp-block-uagb-info-box uagb-block-9e7312fd uagb-infobox__content-wrap  uagb-infobox-icon-above-title uagb-infobox-image-valign-top wp-block-uagb-info-box--has-margin\"><div class=\"uagb-infobox-margin-wrapper\"><div class=\"uagb-ifb-content\"><div class=\"uagb-ifb-title-wrap\"><h3 class=\"uagb-ifb-title\">Mission<\/h3><\/div><p class=\"uagb-ifb-desc\">L&rsquo;optimisation des processus et le d\u00e9veloppement des entreprises sur le long terme sont pour moi plus que des t\u00e2ches professionnelles, mais de v\u00e9ritables affaires de c\u0153ur. Pour moi, l&rsquo;innovation n&rsquo;est pas un simple concept. <\/p><\/div><\/div><\/div>\n\n\n\n<div data-aos= \"fade-right\" data-aos-duration=\"400\" data-aos-delay=\"0\" data-aos-easing=\"ease\" data-aos-once=\"true\" class=\"wp-block-uagb-info-box uagb-block-9b62e515 uagb-infobox__content-wrap  uagb-infobox-icon-above-title uagb-infobox-image-valign-top wp-block-uagb-info-box--has-margin\"><div class=\"uagb-infobox-margin-wrapper\"><div class=\"uagb-ifb-content\"><div class=\"uagb-ifb-title-wrap\"><h3 class=\"uagb-ifb-title\">Vision<\/h3><\/div><p class=\"uagb-ifb-desc\">Cette ann\u00e9e, j&rsquo;ai fait le pas vers l&rsquo;ind\u00e9pendance et je propose mon expertise en tant que consultant dans la r\u00e9gion DACH. Mon objectif est d&rsquo;aider les entreprises \u00e0 mettre en \u0153uvre et \u00e0 utiliser la num\u00e9risation et l&rsquo;intelligence artificielle gr\u00e2ce \u00e0 mes connaissances et \u00e0 mes comp\u00e9tences, et de d\u00e9velopper ensemble des solutions innovantes. <\/p><\/div><\/div><\/div>\n\n\n<style>.wp-block-kadence-advancedbtn.kb-btns3659_f1f193-85{gap:var(--global-kb-gap-xs, 0.5rem );justify-content:center;align-items:center;}.kt-btns3659_f1f193-85 .kt-button{font-weight:normal;font-style:normal;}.kt-btns3659_f1f193-85 .kt-btn-wrap-0{margin-right:5px;}.wp-block-kadence-advancedbtn.kt-btns3659_f1f193-85 .kt-btn-wrap-0 .kt-button{color:#555555;border-color:#555555;}.wp-block-kadence-advancedbtn.kt-btns3659_f1f193-85 .kt-btn-wrap-0 .kt-button:hover, .wp-block-kadence-advancedbtn.kt-btns3659_f1f193-85 .kt-btn-wrap-0 .kt-button:focus{color:#ffffff;border-color:#444444;}.wp-block-kadence-advancedbtn.kt-btns3659_f1f193-85 .kt-btn-wrap-0 .kt-button::before{display:none;}.wp-block-kadence-advancedbtn.kt-btns3659_f1f193-85 .kt-btn-wrap-0 .kt-button:hover, .wp-block-kadence-advancedbtn.kt-btns3659_f1f193-85 .kt-btn-wrap-0 .kt-button:focus{background:#444444;}<\/style>\n<div class=\"wp-block-kadence-advancedbtn kb-buttons-wrap kb-btns3659_f1f193-85\"><style>ul.menu .wp-block-kadence-advancedbtn .kb-btn3659_c3b77a-11.kb-button{width:initial;}.wp-block-kadence-advancedbtn .kb-btn3659_c3b77a-11.kb-button{color:var(--ast-global-color-1);background:var(--ast-global-color-6);}<\/style><a class=\"kb-button kt-button button kb-btn3659_c3b77a-11 kt-btn-size-standard kt-btn-width-type-auto kb-btn-global-inherit  kt-btn-has-text-true kt-btn-has-svg-false  wp-block-button__link wp-block-kadence-singlebtn\" href=\"https:\/\/florian-schreibt.de\/ueber-mich\/\"><span class=\"kt-btn-inner-text\">\u00c0 propos de moi<\/span><\/a><\/div>\n<\/div>\n\n\n\n<div class=\"wp-block-uagb-container uagb-block-2de3917e\">\n<div data-aos= \"fade-left\" data-aos-duration=\"400\" data-aos-delay=\"0\" data-aos-easing=\"ease\" data-aos-once=\"true\" class=\"wp-block-uagb-image uagb-block-9fc9987d wp-block-uagb-image--layout-default wp-block-uagb-image--effect-static wp-block-uagb-image--align-none\"><figure class=\"wp-block-uagb-image__figure\"><img decoding=\"async\" srcset=\"https:\/\/florian-schreibt.de\/wp-content\/uploads\/2024\/07\/IMG-20240510-WA0025-1.jpg ,https:\/\/florian-schreibt.de\/wp-content\/uploads\/2024\/07\/IMG-20240510-WA0025-1.jpg 780w, https:\/\/florian-schreibt.de\/wp-content\/uploads\/2024\/07\/IMG-20240510-WA0025-1.jpg 360w\" sizes=\"auto, (max-width: 480px) 150px\" src=\"https:\/\/florian-schreibt.de\/wp-content\/uploads\/2024\/07\/IMG-20240510-WA0025-1.jpg\" alt=\"KI\" class=\"uag-image-75\" width=\"930\" height=\"1280\" title=\"IMG-20240510-WA0025 (1)\" loading=\"lazy\" role=\"img\"\/><\/figure><\/div>\n<\/div>\n<\/div><\/div>\n\n\n\n<div class=\"wp-block-uagb-container uagb-block-f5456589 alignfull uagb-is-root-container\"><div class=\"uagb-container-inner-blocks-wrap\">\n<div style=\"margin-top:0;margin-bottom:0;height:63px\" aria-hidden=\"true\" class=\"wp-block-spacer\"><\/div>\n<\/div><\/div>\n\n\n\n<div class=\"wp-block-uagb-container uagb-block-21a6d911 alignfull uagb-is-root-container\"><div class=\"uagb-container-inner-blocks-wrap\">\n<div style=\"margin-top:0;margin-bottom:0;height:155px\" aria-hidden=\"true\" class=\"wp-block-spacer\"><\/div>\n<\/div><\/div>\n\n\n\n<div class=\"wp-block-uagb-container uagb-block-9bdda066 alignfull uagb-is-root-container\"><div class=\"uagb-container-inner-blocks-wrap\">\n<div class=\"wp-block-uagb-advanced-heading uagb-block-46591901\"><h2 class=\"uagb-heading-text\">Mes domaines d&rsquo;expertise et mon exp\u00e9rience<\/h2><\/div>\n\n\n\n<div class=\"wp-block-uagb-container uagb-layout-flex uagb-block-719b262e alignfull uagb-is-root-container\"><div class=\"uagb-container-inner-blocks-wrap\">\n<div data-aos= \"fade-up\" data-aos-duration=\"400\" data-aos-delay=\"0\" data-aos-easing=\"ease\" data-aos-once=\"true\" class=\"wp-block-uagb-info-box uagb-block-0a9ff199 uagb-infobox__content-wrap  uagb-infobox-icon-above-title uagb-infobox-image-valign-top wp-block-uagb-info-box--has-margin\"><div class=\"uagb-infobox-margin-wrapper\"><div class=\"uagb-ifb-content\"><div class=\"uagb-ifb-title-wrap\"><h4 class=\"uagb-ifb-title\">Finances<\/h4><\/div><div class=\"uagb-ifb-separator\"><\/div><p class=\"uagb-ifb-desc\">Mes activit\u00e9s, tant dans le monde des entreprises que dans celui des PME, ont fait de moi un expert en mati\u00e8re de comptabilit\u00e9 et de projets financiers internationaux.  <br><br><br>Ma passion inn\u00e9e pour les chiffres est toujours un moteur pour moi.<\/p><\/div><\/div><\/div>\n\n\n\n<div data-aos= \"fade-up\" data-aos-duration=\"400\" data-aos-delay=\"0\" data-aos-easing=\"ease\" data-aos-once=\"true\" class=\"wp-block-uagb-info-box uagb-block-42fd1048 uagb-infobox__content-wrap  uagb-infobox-icon-above-title uagb-infobox-image-valign-top\"><div class=\"uagb-ifb-content\"><div class=\"uagb-ifb-title-wrap\"><h4 class=\"uagb-ifb-title\">Conseil en intelligence artificielle<\/h4><\/div><div class=\"uagb-ifb-separator\"><\/div><p class=\"uagb-ifb-desc\">Depuis l&rsquo;ann\u00e9e derni\u00e8re, je m&rsquo;int\u00e9resse de tr\u00e8s pr\u00e8s au th\u00e8me de l&rsquo;intelligence artificielle et de l&rsquo;automatisation, j&rsquo;ai r\u00e9cemment obtenu ma certification et je travaille d\u00e9sormais dans ce domaine.  <br><br>J&rsquo;attends avec impatience d&rsquo;autres projets passionnants avec des entreprises int\u00e9ressantes.<\/p><\/div><\/div>\n\n\n\n<div data-aos= \"fade-up\" data-aos-duration=\"400\" data-aos-delay=\"0\" data-aos-easing=\"ease\" data-aos-once=\"true\" class=\"wp-block-uagb-info-box uagb-block-54d9344c uagb-infobox__content-wrap  uagb-infobox-icon-above-title uagb-infobox-image-valign-top\"><div class=\"uagb-ifb-content\"><div class=\"uagb-ifb-title-wrap\"><h4 class=\"uagb-ifb-title\">Gestion de la flotte de v\u00e9hicules<\/h4><\/div><div class=\"uagb-ifb-separator\"><\/div><p class=\"uagb-ifb-desc\">Ma longue exp\u00e9rience dans l&rsquo;industrie automobile et ma capacit\u00e9 \u00e0 concevoir m&rsquo;ont permis d&rsquo;optimiser plusieurs flottes de v\u00e9hicules d&rsquo;entreprise de mani\u00e8re nouvelle et \u00e9conomique.  <br><br>C&rsquo;est \u00e9galement le th\u00e8me de mon premier ebook \u00e0 para\u00eetre.<\/p><\/div><\/div>\n\n\n\n<div data-aos= \"fade-up\" data-aos-duration=\"400\" data-aos-delay=\"0\" data-aos-easing=\"ease\" data-aos-once=\"true\" class=\"wp-block-uagb-info-box uagb-block-a50dcc77 uagb-infobox__content-wrap  uagb-infobox-icon-above-title uagb-infobox-image-valign-top\"><div class=\"uagb-ifb-content\"><div class=\"uagb-ifb-title-wrap\"><h4 class=\"uagb-ifb-title\">Gestion de projet<\/h4><\/div><div class=\"uagb-ifb-separator\"><\/div><p class=\"uagb-ifb-desc\">Au fil des ans, j&rsquo;ai particip\u00e9 \u00e0 de nombreux projets de toutes sortes. Cela allait de grands projets pour des groupes \u00e0 des int\u00e9grations, en passant par des projets de logiciels et de num\u00e9risation. <br><br>Je me r\u00e9jouis de pouvoir cr\u00e9er de nouvelles choses ensemble.<\/p><\/div><\/div>\n<\/div><\/div>\n<\/div><\/div>\n\n\n\n<div class=\"wp-block-uagb-container uagb-block-be17e88b alignfull uagb-is-root-container\"><div class=\"uagb-container-inner-blocks-wrap\">\n<div style=\"margin-top:0;margin-bottom:0;height:218px\" aria-hidden=\"true\" class=\"wp-block-spacer\"><\/div>\n<\/div><\/div>\n\n\n\n<div class=\"wp-block-uagb-container uagb-block-db2d419d alignfull uagb-is-root-container\"><div class=\"uagb-container-inner-blocks-wrap\">\n<div class=\"wp-block-uagb-container uagb-layout-grid uagb-block-964d8b67\">\n<div data-aos= \"fade-right\" data-aos-duration=\"400\" data-aos-delay=\"0\" data-aos-easing=\"ease\" data-aos-once=\"true\" class=\"wp-block-uagb-info-box uagb-block-f88e0df1 uagb-infobox__content-wrap  uagb-infobox-icon-above-title uagb-infobox-image-valign-top wp-block-uagb-info-box--has-margin\"><div class=\"uagb-infobox-margin-wrapper\"><div class=\"uagb-ifb-content\"><div class=\"uagb-ifb-title-wrap\"><h2 class=\"uagb-ifb-title\">Un ebook est offert par-dessus le march\u00e9<\/h2><\/div><p class=\"uagb-ifb-desc\">Depuis mon enfance, je consigne r\u00e9guli\u00e8rement mes pens\u00e9es et mes exp\u00e9riences par \u00e9crit. J&rsquo;utilise certains de ces \u00e9crits comme base pour mon premier ebook. <br><br>R\u00e9jouis-toi de d\u00e9couvrir des th\u00e8mes int\u00e9ressants et vari\u00e9s ainsi que de nombreuses connaissances issues de l&rsquo;exp\u00e9rience pratique.<\/p><div class=\"uagb-ifb-button-wrapper wp-block-button\"><a href=\"https:\/\/florian-schreibt.de\/ebooks\/\" class=\"uagb-infobox-cta-link wp-block-button__link\" target=\"_self\" rel=\"noopener noreferrer\" onclick=\"return true;\"><span class=\"uagb-inline-editing\">Zum ebook<\/span><svg xmlns=\"https:\/\/www.w3.org\/2000\/svg\" viewBox=\"0 0 512 512\"><path d=\"M502.6 278.6l-128 128c-12.51 12.51-32.76 12.49-45.25 0c-12.5-12.5-12.5-32.75 0-45.25L402.8 288H32C14.31 288 0 273.7 0 255.1S14.31 224 32 224h370.8l-73.38-73.38c-12.5-12.5-12.5-32.75 0-45.25s32.75-12.5 45.25 0l128 128C515.1 245.9 515.1 266.1 502.6 278.6z\"><\/path><\/svg><\/a><\/div><\/div><\/div><\/div>\n\n\n\n<div class=\"wp-block-uagb-image alignright uagb-block-1ecf927d wp-block-uagb-image--layout-default wp-block-uagb-image--effect-static wp-block-uagb-image--align-right\"><figure class=\"wp-block-uagb-image__figure\"><img decoding=\"async\" srcset=\"https:\/\/florian-schreibt.de\/wp-content\/uploads\/2024\/07\/default_create_an_image_of_a_book_pyramid_the_book_in_the_fore_3_55f9422c-7a08-4a05-9001-0776c835bb6d-1024x1024.jpg ,https:\/\/florian-schreibt.de\/wp-content\/uploads\/2024\/07\/default_create_an_image_of_a_book_pyramid_the_book_in_the_fore_3_55f9422c-7a08-4a05-9001-0776c835bb6d.jpg 780w, https:\/\/florian-schreibt.de\/wp-content\/uploads\/2024\/07\/default_create_an_image_of_a_book_pyramid_the_book_in_the_fore_3_55f9422c-7a08-4a05-9001-0776c835bb6d.jpg 360w\" sizes=\"auto, (max-width: 480px) 150px\" src=\"https:\/\/florian-schreibt.de\/wp-content\/uploads\/2024\/07\/default_create_an_image_of_a_book_pyramid_the_book_in_the_fore_3_55f9422c-7a08-4a05-9001-0776c835bb6d-1024x1024.jpg\" alt=\"finances\" class=\"uag-image-258\" width=\"825\" height=\"734\" title=\"default_create_an_image_of_a_book_pyramid_the_book_in_the_fore_3_55f9422c-7a08-4a05-9001-0776c835bb6d\" loading=\"lazy\" role=\"img\"\/><\/figure><\/div>\n<\/div>\n<\/div><\/div>\n\n\n\n<div class=\"wp-block-uagb-container uagb-block-d8f0d74d alignfull uagb-is-root-container\"><div class=\"uagb-container-inner-blocks-wrap\">\n<div style=\"margin-top:0;margin-bottom:0;height:63px\" aria-hidden=\"true\" class=\"wp-block-spacer\"><\/div>\n<\/div><\/div>\n\n\n\n<div class=\"wp-block-uagb-container uagb-layout-grid uagb-block-40d4d421 alignfull uagb-is-root-container\"><div class=\"uagb-container-inner-blocks-wrap\">\n<div class=\"wp-block-uagb-advanced-heading uagb-block-fb002795\"><h2 class=\"uagb-heading-text\">S&rsquo;inscrire<\/h2><\/div>\n\n\n\n<div class=\"wp-block-uagb-forms uagb-forms__outer-wrap uagb-block-d276cdda uagb-forms__default-btn uagb-forms-inline-field uagb-forms-button-desk-width-25 uagb-forms-column-gap-5 uagb-forms-button-tablet-width-40 uagb-forms-button-mobile-width-100\"><form class=\"uagb-forms-main-form\" method=\"post\" autocomplete=\"on\" name=\"uagb-form-d276cdda\">\n<div class=\"wp-block-uagb-forms-email uagb-forms-email-wrap uagb-forms-field-set uagb-block-256e3189 uagb-forms-field-desk-width-66 uagb-forms-field-tablet-width-50 uagb-forms-field-mobile-width-100\"><div class=\"uagb-forms-email-label  uagb-forms-input-label\" id=\"256e3189\">Email<\/div><input type=\"email\" class=\"uagb-forms-email-input uagb-forms-input\" placeholder=\"Deine Email Adresse\" name=\"256e3189\" autocomplete=\"email\"\/><\/div>\n<div class=\"uagb-forms-form-hidden-data\"><input type=\"hidden\" class=\"uagb_forms_form_label\" value=\"Spectra Form\"\/><input type=\"hidden\" class=\"uagb_forms_form_id\" value=\"uagb-form-d276cdda\"\/><\/div><div class=\"uagb-form-reacaptcha-error-d276cdda\"><\/div><div class=\"uagb-forms-main-submit-button-wrap wp-block-button\"><button class=\"uagb-forms-main-submit-button wp-block-button__link\"><div class=\"uagb-forms-main-submit-button-text\">Newsletter Anmeldung<\/div><\/button><\/div><\/form><div class=\"uagb-forms-success-message-d276cdda uagb-forms-submit-message-hide\"><span>Das hat geklappt ! Danke Dir<\/span><\/div><div class=\"uagb-forms-failed-message-d276cdda uagb-forms-submit-message-hide\"><span>Leider hat etwas nicht funktioniert. Bitte versuche es erneut.<\/span><\/div><\/div>\n<\/div><\/div>\n","protected":false},"excerpt":{"rendered":"<p>Savais-tu que l&rsquo;exp\u00e9rience et l&rsquo;innovation peuvent se compl\u00e9ter parfaitement ? Dans IA, Finances et autres? Content de te voir ! [&hellip;]<\/p>\n","protected":false},"author":1,"featured_media":0,"parent":0,"menu_order":1,"comment_status":"closed","ping_status":"closed","template":"","meta":{"_uag_custom_page_level_css":"","site-sidebar-layout":"default","site-content-layout":"","ast-site-content-layout":"default","site-content-style":"default","site-sidebar-style":"default","ast-global-header-display":"","ast-banner-title-visibility":"","ast-main-header-display":"","ast-hfb-above-header-display":"","ast-hfb-below-header-display":"","ast-hfb-mobile-header-display":"","site-post-title":"","ast-breadcrumbs-content":"","ast-featured-img":"","footer-sml-layout":"","ast-disable-related-posts":"","theme-transparent-header-meta":"","adv-header-id-meta":"","stick-header-meta":"","header-above-stick-meta":"","header-main-stick-meta":"","header-below-stick-meta":"","astra-migrate-meta-layouts":"default","ast-page-background-enabled":"default","ast-page-background-meta":{"desktop":{"background-color":"var(--ast-global-color-4)","background-image":"","background-repeat":"repeat","background-position":"center center","background-size":"auto","background-attachment":"scroll","background-type":"","background-media":"","overlay-type":"","overlay-color":"","overlay-opacity":"","overlay-gradient":""},"tablet":{"background-color":"","background-image":"","background-repeat":"repeat","background-position":"center center","background-size":"auto","background-attachment":"scroll","background-type":"","background-media":"","overlay-type":"","overlay-color":"","overlay-opacity":"","overlay-gradient":""},"mobile":{"background-color":"","background-image":"","background-repeat":"repeat","background-position":"center center","background-size":"auto","background-attachment":"scroll","background-type":"","background-media":"","overlay-type":"","overlay-color":"","overlay-opacity":"","overlay-gradient":""}},"ast-content-background-meta":{"desktop":{"background-color":"var(--ast-global-color-5)","background-image":"","background-repeat":"repeat","background-position":"center center","background-size":"auto","background-attachment":"scroll","background-type":"","background-media":"","overlay-type":"","overlay-color":"","overlay-opacity":"","overlay-gradient":""},"tablet":{"background-color":"var(--ast-global-color-5)","background-image":"","background-repeat":"repeat","background-position":"center center","background-size":"auto","background-attachment":"scroll","background-type":"","background-media":"","overlay-type":"","overlay-color":"","overlay-opacity":"","overlay-gradient":""},"mobile":{"background-color":"var(--ast-global-color-5)","background-image":"","background-repeat":"repeat","background-position":"center center","background-size":"auto","background-attachment":"scroll","background-type":"","background-media":"","overlay-type":"","overlay-color":"","overlay-opacity":"","overlay-gradient":""}},"footnotes":""},"class_list":["post-3659","page","type-page","status-publish","hentry"],"uagb_featured_image_src":{"full":false,"thumbnail":false,"medium":false,"medium_large":false,"large":false,"1536x1536":false,"2048x2048":false},"uagb_author_info":{"display_name":"Florian","author_link":"https:\/\/florian-schreibt.de\/fr\/author\/admin\/"},"uagb_comment_info":0,"uagb_excerpt":"Savais-tu que l&rsquo;exp\u00e9rience et l&rsquo;innovation peuvent se compl\u00e9ter parfaitement ? Dans IA, Finances et autres? Content de te voir ! [&hellip;]","amp_enabled":true,"_links":{"self":[{"href":"https:\/\/florian-schreibt.de\/fr\/wp-json\/wp\/v2\/pages\/3659","targetHints":{"allow":["GET"]}}],"collection":[{"href":"https:\/\/florian-schreibt.de\/fr\/wp-json\/wp\/v2\/pages"}],"about":[{"href":"https:\/\/florian-schreibt.de\/fr\/wp-json\/wp\/v2\/types\/page"}],"author":[{"embeddable":true,"href":"https:\/\/florian-schreibt.de\/fr\/wp-json\/wp\/v2\/users\/1"}],"replies":[{"embeddable":true,"href":"https:\/\/florian-schreibt.de\/fr\/wp-json\/wp\/v2\/comments?post=3659"}],"version-history":[{"count":5,"href":"https:\/\/florian-schreibt.de\/fr\/wp-json\/wp\/v2\/pages\/3659\/revisions"}],"predecessor-version":[{"id":3960,"href":"https:\/\/florian-schreibt.de\/fr\/wp-json\/wp\/v2\/pages\/3659\/revisions\/3960"}],"wp:attachment":[{"href":"https:\/\/florian-schreibt.de\/fr\/wp-json\/wp\/v2\/media?parent=3659"}],"curies":[{"name":"wp","href":"https:\/\/api.w.org\/{rel}","templated":true}]}}