{"id":3663,"date":"2024-07-07T11:53:56","date_gmt":"2024-07-07T11:53:56","guid":{"rendered":"https:\/\/florian-schreibt.de\/datos-interesantes-sobre-mi-v1-0\/"},"modified":"2024-10-27T17:25:21","modified_gmt":"2024-10-27T17:25:21","slug":"datos-interesantes-sobre-mi-v1-0","status":"publish","type":"page","link":"https:\/\/florian-schreibt.de\/es\/datos-interesantes-sobre-mi-v1-0\/","title":{"rendered":"Datos interesantes sobre m\u00ed V1.0"},"content":{"rendered":"\n<div class=\"wp-block-uagb-container uagb-block-785832a7 alignwide uagb-is-root-container\">\n<header class=\"wp-block-uagb-advanced-heading uagb-block-324727cf\"><h2 class=\"uagb-heading-text\">Datos interesantes sobre m\u00ed<\/h2><div class=\"uagb-separator\"><\/div><p class=\"uagb-desc-text\">Obtenga m\u00e1s informaci\u00f3n sobre m\u00ed y mi experiencia en finanzas, gesti\u00f3n de proyectos, gesti\u00f3n de flotas e IA.<\/p><\/header>\n<\/div>\n\n\n\n<div class=\"wp-block-uagb-container uagb-block-db149908 alignfull uagb-is-root-container\"><div class=\"uagb-container-inner-blocks-wrap\">\n<div class=\"wp-block-uagb-container uagb-block-64f56236\">\n<div class=\"wp-block-uagb-advanced-heading uagb-block-587d0054\"><h2 class=\"uagb-heading-text\">Lo que me hace especial<\/h2><p class=\"uagb-desc-text\"><strong>Esta secci\u00f3n pretende explicar mis caracter\u00edsticas m\u00e1s importantes. Y empezaremos enseguida <\/strong><\/p><\/div>\n\n\n\n<div class=\"wp-block-uagb-advanced-heading uagb-block-7ca98cd4\"><h3 class=\"uagb-heading-text\"><strong>Mis conocimientos y experiencia<\/strong><\/h3><\/div>\n\n\n\n<div class=\"wp-block-uagb-advanced-heading uagb-block-8568f52f\"><p class=\"uagb-heading-text\">Me avalan m\u00e1s de 25 a\u00f1os de experiencia profesional y 3 t\u00edtulos comerciales en m\u00faltiples industrias, incluidos los sectores de la automoci\u00f3n, la energ\u00eda y la medicina. <\/p><\/div>\n\n\n\n<div class=\"wp-block-uagb-advanced-heading uagb-block-a49b6ff4\"><p class=\"uagb-heading-text\">Como resultado, tambi\u00e9n tengo un gran conocimiento de una amplia gama de tareas en todo el \u00e1mbito comercial, con una pasi\u00f3n especial por las cifras, los proyectos y las innovaciones.<\/p><\/div>\n\n\n\n<div class=\"wp-block-uagb-advanced-heading uagb-block-854f0fcd\"><p class=\"uagb-heading-text\">Tambi\u00e9n busco siempre ampliar mis conocimientos y aprender cosas nuevas.<\/p><\/div>\n\n\n\n<div class=\"wp-block-uagb-advanced-heading uagb-block-6f76b73b\"><h4 class=\"uagb-heading-text\"><strong>Para m\u00ed, quedarme quieto es un paso atr\u00e1s.<\/strong><\/h4><\/div>\n\n\n\n<div class=\"wp-block-uagb-advanced-heading uagb-block-535ef133\"><h3 class=\"uagb-heading-text\"><strong>Mi forma de pensar<\/strong><\/h3><\/div>\n\n\n\n<div class=\"wp-block-uagb-advanced-heading uagb-block-c0cd8da5\"><p class=\"uagb-heading-text\">Gracias a mis muchos a\u00f1os de trabajo en gesti\u00f3n de proyectos, estoy acostumbrado a ver el panorama completo, incluida la visi\u00f3n de conjunto.<\/p><\/div>\n\n\n\n<div class=\"wp-block-uagb-advanced-heading uagb-block-3b95bf12\"><p class=\"uagb-heading-text\">Esta visi\u00f3n no s\u00f3lo me permite encontrar constantemente nuevas formas de dominar un reto, sino tambi\u00e9n comunicarlas y ponerlas en pr\u00e1ctica.<\/p><\/div>\n\n\n\n<div class=\"wp-block-uagb-advanced-heading uagb-block-e93c5ade\"><p class=\"uagb-heading-text\">Para m\u00ed, las soluciones directas son importantes. Luego vienen los an\u00e1lisis para mejorar las cosas de cara al futuro.<\/p><\/div>\n\n\n\n<div class=\"wp-block-uagb-advanced-heading uagb-block-1e14fb58\"><h4 class=\"uagb-heading-text\"><strong>S\u00f3lo quienes han visto y comprendido el panorama completo pueden dominar un reto a largo plazo.<\/strong><\/h4><\/div>\n\n\n\n<div class=\"wp-block-uagb-advanced-heading uagb-block-3b734b47\"><h3 class=\"uagb-heading-text\"><strong>Mi forma de hacer las cosas<\/strong><\/h3><\/div>\n\n\n\n<div class=\"wp-block-uagb-advanced-heading uagb-block-d8f1cd01\"><p class=\"uagb-heading-text\">Adem\u00e1s de hacer cumplir la ley, para m\u00ed es muy importante transmitir todo lo que comunico de forma correcta y clara.<\/p><\/div>\n\n\n\n<div class=\"wp-block-uagb-advanced-heading uagb-block-138dd1de\"><p class=\"uagb-heading-text\">Mi empat\u00eda innata y cierto tacto y sensibilidad hacen que las dem\u00e1s personas implicadas se sientan recogidas y puedan entender lo que quiero transmitir.<\/p><\/div>\n\n\n\n<div class=\"wp-block-uagb-advanced-heading uagb-block-d4bc9327\"><h4 class=\"uagb-heading-text\"><strong>S\u00f3lo implicando y respondiendo a los dem\u00e1s se pueden comunicar soluciones de forma exhaustiva.<\/strong><\/h4><\/div>\n<\/div>\n<\/div><\/div>\n\n\n\n<div class=\"wp-block-uagb-container uagb-block-852c9210 alignwide uagb-is-root-container\">\n<div class=\"wp-block-uagb-container uagb-block-55bf3c26\">\n<div class=\"wp-block-uagb-advanced-heading uagb-block-8b52f2a7\"><h4 class=\"uagb-heading-text\">\u00bfLe apetece una peque\u00f1a entrevista conmigo?<\/h4><\/div>\n<\/div>\n\n\n\n<div class=\"wp-block-uagb-container uagb-block-24c9bc94\"><style>.wp-block-kadence-advancedbtn.kb-btns3663_6bd427-60{gap:var(--global-kb-gap-xs, 0.5rem );justify-content:center;align-items:center;}.kt-btns3663_6bd427-60 .kt-button{font-weight:normal;font-style:normal;}.kt-btns3663_6bd427-60 .kt-btn-wrap-0{margin-right:5px;}.wp-block-kadence-advancedbtn.kt-btns3663_6bd427-60 .kt-btn-wrap-0 .kt-button{color:#555555;border-color:#555555;}.wp-block-kadence-advancedbtn.kt-btns3663_6bd427-60 .kt-btn-wrap-0 .kt-button:hover, .wp-block-kadence-advancedbtn.kt-btns3663_6bd427-60 .kt-btn-wrap-0 .kt-button:focus{color:#ffffff;border-color:#444444;}.wp-block-kadence-advancedbtn.kt-btns3663_6bd427-60 .kt-btn-wrap-0 .kt-button::before{display:none;}.wp-block-kadence-advancedbtn.kt-btns3663_6bd427-60 .kt-btn-wrap-0 .kt-button:hover, .wp-block-kadence-advancedbtn.kt-btns3663_6bd427-60 .kt-btn-wrap-0 .kt-button:focus{background:#444444;}<\/style>\n<div class=\"wp-block-kadence-advancedbtn kb-buttons-wrap kb-btns3663_6bd427-60\"><style>ul.menu .wp-block-kadence-advancedbtn .kb-btn3663_f6bee7-1a.kb-button{width:initial;}.wp-block-kadence-advancedbtn .kb-btn3663_f6bee7-1a.kb-button{color:var(--ast-global-color-6);background:var(--ast-global-color-1);}<\/style><a class=\"kb-button kt-button button kb-btn3663_f6bee7-1a kt-btn-size-large kt-btn-width-type-auto kb-btn-global-inherit  kt-btn-has-text-true kt-btn-has-svg-false  wp-block-button__link wp-block-kadence-singlebtn\" href=\"https:\/\/florian-schreibt.de\/kontakt\/\"><span class=\"kt-btn-inner-text\">Entrevista<\/span><\/a><\/div>\n<\/div>\n<\/div>\n\n\n\n<div class=\"wp-block-uagb-container uagb-block-03d50721 alignwide uagb-is-root-container\">\n<div class=\"wp-block-uagb-advanced-heading uagb-block-5fe8fc2d\"><h3 class=\"uagb-heading-text\"><a href=\"https:\/\/www.njumii.de\/Karrierewege\/Betriebswirt-nach-HwO\" target=\"_blank\" rel=\"noopener\">Economista de Empresa Certificado HwO &#8211; Master Profesional en Gesti\u00f3n Empresarial EQ7<\/a><\/h3><\/div>\n\n\n\n<div class=\"wp-block-uagb-advanced-heading uagb-block-32f71e86\"><h3 class=\"uagb-heading-text\"><a href=\"https:\/\/www.ihk.de\/konstanz\/berufliche-bildung\/fortbildungspruefungen\/fortbildungspruefungen-a-z\/bilanzbuchhalter-5370264\" target=\"_blank\" rel=\"noopener\">Contable titulado IHK &#8211; Licenciado Profesional en Contabilidad EQ6<\/a><\/h3><\/div>\n\n\n\n<div class=\"wp-block-uagb-advanced-heading uagb-block-03583ab5\"><h3 class=\"uagb-heading-text\"><a href=\"https:\/\/digitalbeat.de\/ki-consultant\/\" data-type=\"link\" data-id=\"https:\/\/digitalbeat.de\/ki-consultant\/\" target=\"_blank\" rel=\"noopener\">Consultor<\/a> certificado en IA &#8211; Consultor certificado en IA<\/h3><\/div>\n<\/div>\n\n\n\n<div class=\"wp-block-uagb-container uagb-block-4d10df25 alignfull uagb-is-root-container\"><div class=\"uagb-container-inner-blocks-wrap\">\n<div class=\"wp-block-uagb-advanced-heading uagb-block-4370c4b9\"><h2 class=\"uagb-heading-text\">Tres ejemplos de mi trabajo<\/h2><\/div>\n\n\n\n<div class=\"wp-block-uagb-container uagb-block-07c2f701\">\n<div class=\"wp-block-columns is-layout-flex wp-container-core-columns-is-layout-1 wp-block-columns-is-layout-flex\">\n<div class=\"wp-block-column is-layout-flow wp-block-column-is-layout-flow\">\n<div class=\"wp-block-uagb-image aligncenter uagb-block-ea02fdf3 wp-block-uagb-image--layout-default wp-block-uagb-image--effect-static wp-block-uagb-image--align-center\"><figure class=\"wp-block-uagb-image__figure\"><img decoding=\"async\" srcset=\"https:\/\/florian-schreibt.de\/wp-content\/uploads\/2024\/07\/f1-1-300x225.webp ,https:\/\/florian-schreibt.de\/wp-content\/uploads\/2024\/07\/f1-1.jpg 780w, https:\/\/florian-schreibt.de\/wp-content\/uploads\/2024\/07\/f1-1.jpg 360w\" sizes=\"auto, (max-width: 480px) 150px\" src=\"https:\/\/florian-schreibt.de\/wp-content\/uploads\/2024\/07\/f1-1-300x225.webp\" alt=\"\u00fcber mich-Finanzen\" class=\"uag-image-557\" width=\"300\" height=\"300\" title=\"f1\" loading=\"lazy\" role=\"img\"\/><\/figure><\/div>\n<\/div>\n\n\n\n<div class=\"wp-block-column is-layout-flow wp-block-column-is-layout-flow\">\n<div class=\"wp-block-uagb-image aligncenter uagb-block-91a7fdc8 wp-block-uagb-image--layout-default wp-block-uagb-image--effect-static wp-block-uagb-image--align-center\"><figure class=\"wp-block-uagb-image__figure\"><img decoding=\"async\" srcset=\"https:\/\/florian-schreibt.de\/wp-content\/uploads\/2024\/07\/PM1-300x300.webp ,https:\/\/florian-schreibt.de\/wp-content\/uploads\/2024\/07\/PM1.jpg 780w, https:\/\/florian-schreibt.de\/wp-content\/uploads\/2024\/07\/PM1.jpg 360w\" sizes=\"auto, (max-width: 480px) 150px\" src=\"https:\/\/florian-schreibt.de\/wp-content\/uploads\/2024\/07\/PM1-300x300.webp\" alt=\"interesantes sobre\" class=\"uag-image-561\" width=\"300\" height=\"300\" title=\"PM1\" loading=\"lazy\" role=\"img\"\/><\/figure><\/div>\n<\/div>\n\n\n\n<div class=\"wp-block-column has-medium-font-size is-layout-flow wp-container-core-column-is-layout-3 wp-block-column-is-layout-flow\">\n<div class=\"wp-block-uagb-image aligncenter uagb-block-b4f222e3 wp-block-uagb-image--layout-default wp-block-uagb-image--effect-static wp-block-uagb-image--align-center\"><figure class=\"wp-block-uagb-image__figure\"><img decoding=\"async\" srcset=\"https:\/\/florian-schreibt.de\/wp-content\/uploads\/2024\/07\/FM1-300x300.webp ,https:\/\/florian-schreibt.de\/wp-content\/uploads\/2024\/07\/FM1.jpg 780w, https:\/\/florian-schreibt.de\/wp-content\/uploads\/2024\/07\/FM1.jpg 360w\" sizes=\"auto, (max-width: 480px) 150px\" src=\"https:\/\/florian-schreibt.de\/wp-content\/uploads\/2024\/07\/FM1-300x300.webp\" alt=\"\u00fcber mich-fuhrparkmanagement\" class=\"uag-image-562\" width=\"300\" height=\"300\" title=\"FM1\" loading=\"lazy\" role=\"img\"\/><\/figure><\/div>\n<\/div>\n<\/div>\n<\/div>\n\n\n\n<div class=\"wp-block-uagb-container uagb-block-bd97099e alignwide uagb-is-root-container\">\n<div class=\"wp-block-uagb-container uagb-block-37e9cebd\">\n<div class=\"wp-block-uagb-advanced-heading uagb-block-efaa4f08\"><h3 class=\"uagb-heading-text\">Finanzas<\/h3><div class=\"uagb-separator\"><\/div><\/div>\n<\/div>\n\n\n\n<div class=\"wp-block-uagb-container uagb-block-1c27cee5\">\n<div class=\"wp-block-uagb-advanced-heading uagb-block-351c733a\"><h3 class=\"uagb-heading-text\">Gesti\u00f3n de proyectos<\/h3><div class=\"uagb-separator\"><\/div><\/div>\n<\/div>\n\n\n\n<div class=\"wp-block-uagb-container uagb-block-0783b906\">\n<div class=\"wp-block-uagb-advanced-heading uagb-block-024d4b19\"><h3 class=\"uagb-heading-text\">Gesti\u00f3n de flotas<\/h3><div class=\"uagb-separator\"><\/div><\/div>\n<\/div>\n\n\n\n<div class=\"wp-block-uagb-container uagb-block-cf56ccf3\"><style>.kb-row-layout-id3663_211f45-58 > .kt-row-column-wrap{align-content:start;}:where(.kb-row-layout-id3663_211f45-58 > .kt-row-column-wrap) > .wp-block-kadence-column{justify-content:start;}.kb-row-layout-id3663_211f45-58 > .kt-row-column-wrap{column-gap:var(--global-kb-gap-md, 2rem);row-gap:var(--global-kb-gap-md, 2rem);padding-top:var(--global-kb-spacing-sm, 1.5rem);padding-bottom:var(--global-kb-spacing-sm, 1.5rem);}.kb-row-layout-id3663_211f45-58 > .kt-row-column-wrap > div:not(.added-for-specificity){grid-column:initial;}.kb-row-layout-id3663_211f45-58 > .kt-row-column-wrap{grid-template-columns:repeat(3, minmax(0, 1fr));}.kb-row-layout-id3663_211f45-58 > .kt-row-layout-overlay{opacity:0.30;}@media all and (max-width: 1024px){.kb-row-layout-id3663_211f45-58 > .kt-row-column-wrap > div:not(.added-for-specificity){grid-column:initial;}}@media all and (max-width: 1024px){.kb-row-layout-id3663_211f45-58 > .kt-row-column-wrap{grid-template-columns:repeat(3, minmax(0, 1fr));}}@media all and (max-width: 767px){.kb-row-layout-id3663_211f45-58 > .kt-row-column-wrap > div:not(.added-for-specificity){grid-column:initial;}.kb-row-layout-id3663_211f45-58 > .kt-row-column-wrap{grid-template-columns:minmax(0, 1fr);}}<\/style><div class=\"kb-row-layout-wrap kb-row-layout-id3663_211f45-58 alignnone wp-block-kadence-rowlayout\"><div class=\"kt-row-column-wrap kt-has-3-columns kt-row-layout-equal kt-tab-layout-inherit kt-mobile-layout-row kt-row-valign-top\">\n<style>.kadence-column3663_17e18a-61 > .kt-inside-inner-col,.kadence-column3663_17e18a-61 > .kt-inside-inner-col:before{border-top-left-radius:0px;border-top-right-radius:0px;border-bottom-right-radius:0px;border-bottom-left-radius:0px;}.kadence-column3663_17e18a-61 > .kt-inside-inner-col{column-gap:var(--global-kb-gap-sm, 1rem);}.kadence-column3663_17e18a-61 > .kt-inside-inner-col{flex-direction:column;}.kadence-column3663_17e18a-61 > .kt-inside-inner-col > .aligncenter{width:100%;}.kadence-column3663_17e18a-61 > .kt-inside-inner-col:before{opacity:0.3;}.kadence-column3663_17e18a-61{position:relative;}@media all and (max-width: 1024px){.kadence-column3663_17e18a-61 > .kt-inside-inner-col{flex-direction:column;justify-content:center;}}@media all and (max-width: 767px){.kadence-column3663_17e18a-61 > .kt-inside-inner-col{flex-direction:column;justify-content:center;}}<\/style>\n<div class=\"wp-block-kadence-column kadence-column3663_17e18a-61\"><div class=\"kt-inside-inner-col\">\n<p>Las finanzas son un campo en el que me gusta trabajar por mi afinidad con los n\u00fameros y mi talento para el an\u00e1lisis.  <\/p>\n\n\n\n<p>Al terminar mi segunda licenciatura, afortunadamente tuve la oportunidad de dise\u00f1ar y crear un modelo de informes totalmente automatizado para un cliente, que luego desarroll\u00e9 hasta convertirlo en una eficaz herramienta de gesti\u00f3n.<\/p>\n\n\n\n<p>Sin embargo, mi pasi\u00f3n en el \u00e1mbito de las finanzas es la contabilidad, que llevo de conformidad con la legislaci\u00f3n nacional e internacional. (HGB, IFRS, US GAAP, SWISS OR, NZ GAAP) <\/p>\n\n\n\n<p>Me fascina conocer las empresas a trav\u00e9s de sus cifras. Sobre su rendimiento y su potencial, porque el balance dice mucho m\u00e1s que las cifras.   <\/p>\n\n\n\n<p>Tambi\u00e9n me considero uno de los primeros en combinar las finanzas con la IA y estoy al tanto de los nuevos avances en este campo.<\/p>\n<\/div><\/div>\n\n\n<style>.kadence-column3663_7e0a56-53 > .kt-inside-inner-col,.kadence-column3663_7e0a56-53 > .kt-inside-inner-col:before{border-top-left-radius:0px;border-top-right-radius:0px;border-bottom-right-radius:0px;border-bottom-left-radius:0px;}.kadence-column3663_7e0a56-53 > .kt-inside-inner-col{column-gap:var(--global-kb-gap-sm, 1rem);}.kadence-column3663_7e0a56-53 > .kt-inside-inner-col{flex-direction:column;}.kadence-column3663_7e0a56-53 > .kt-inside-inner-col > .aligncenter{width:100%;}.kadence-column3663_7e0a56-53 > .kt-inside-inner-col:before{opacity:0.3;}.kadence-column3663_7e0a56-53{position:relative;}@media all and (max-width: 1024px){.kadence-column3663_7e0a56-53 > .kt-inside-inner-col{flex-direction:column;justify-content:center;}}@media all and (max-width: 767px){.kadence-column3663_7e0a56-53 > .kt-inside-inner-col{flex-direction:column;justify-content:center;}}<\/style>\n<div class=\"wp-block-kadence-column kadence-column3663_7e0a56-53\"><div class=\"kt-inside-inner-col\">\n<p>Mis jefes y clientes siempre han estado encantados de utilizar mis conocimientos especiales para proyectos.  <\/p>\n\n\n\n<p>Sin embargo, comenc\u00e9 mi carrera en la gesti\u00f3n de proyectos en la supervisi\u00f3n de un proyecto de despliegue global, del que me hice cargo con las primeras entregas y que se fue haciendo cada vez m\u00e1s eficiente y rentable durante mi trabajo.<\/p>\n\n\n\n<p>Por ejemplo, tambi\u00e9n form\u00e9 parte de varios equipos de proyecto para la introducci\u00f3n de nuevos programas inform\u00e1ticos y particip\u00e9 en la planificaci\u00f3n y realizaci\u00f3n de la implantaci\u00f3n de nuevos flujos de trabajo y procesos, algunos de los cuales hab\u00eda concebido y dise\u00f1ado completamente yo mismo.  <\/p>\n\n\n\n<p>Cuando presentaba nuevas soluciones inform\u00e1ticas, tambi\u00e9n me divert\u00eda mucho ense\u00f1ando a los empleados a utilizar el nuevo software como formador de usuarios clave.  <\/p>\n\n\n\n<p>Tambi\u00e9n tuve mucho \u00e9xito en la integraci\u00f3n de sedes enteras en estructuras de grupo y corporativas.<\/p>\n<\/div><\/div>\n\n\n<style>.kadence-column3663_f917b0-a4 > .kt-inside-inner-col,.kadence-column3663_f917b0-a4 > .kt-inside-inner-col:before{border-top-left-radius:0px;border-top-right-radius:0px;border-bottom-right-radius:0px;border-bottom-left-radius:0px;}.kadence-column3663_f917b0-a4 > .kt-inside-inner-col{column-gap:var(--global-kb-gap-sm, 1rem);}.kadence-column3663_f917b0-a4 > .kt-inside-inner-col{flex-direction:column;}.kadence-column3663_f917b0-a4 > .kt-inside-inner-col > .aligncenter{width:100%;}.kadence-column3663_f917b0-a4 > .kt-inside-inner-col:before{opacity:0.3;}.kadence-column3663_f917b0-a4{position:relative;}@media all and (max-width: 1024px){.kadence-column3663_f917b0-a4 > .kt-inside-inner-col{flex-direction:column;justify-content:center;}}@media all and (max-width: 767px){.kadence-column3663_f917b0-a4 > .kt-inside-inner-col{flex-direction:column;justify-content:center;}}<\/style>\n<div class=\"wp-block-kadence-column kadence-column3663_f917b0-a4\"><div class=\"kt-inside-inner-col\">\n<p>Adem\u00e1s de mi trabajo en el departamento financiero, llev\u00e9 por iniciativa propia la flota de veh\u00edculos a un nuevo nivel en dos grandes empresas internacionales del sector m\u00e9dico.  <\/p>\n\n\n\n<p>Tras analizar en detalle el proceso, me dispuse a crear un concepto detallado, que luego present\u00e9 con \u00e9xito.  <\/p>\n\n\n\n<p>Despu\u00e9s vino la b\u00fasqueda de socios adecuados, el proceso a trav\u00e9s de los distintos niveles jer\u00e1rquicos, la preparaci\u00f3n independiente y la realizaci\u00f3n.  <\/p>\n\n\n\n<p>Consegu\u00ed que la flota no solo fuera m\u00e1s rentable, sino tambi\u00e9n m\u00e1s estructurada y que sus procesos y cifras fueran m\u00e1s comprensibles y transparentes.  <\/p>\n\n\n\n<p>Tambi\u00e9n he incorporado elementos de esta innovaci\u00f3n en un libro electr\u00f3nico.<\/p>\n\n\n<style>.wp-block-kadence-advancedbtn.kb-btns3663_0c48b9-cf{gap:var(--global-kb-gap-xs, 0.5rem );justify-content:center;align-items:center;}.kt-btns3663_0c48b9-cf .kt-button{font-weight:normal;font-style:normal;}.kt-btns3663_0c48b9-cf .kt-btn-wrap-0{margin-right:5px;}.wp-block-kadence-advancedbtn.kt-btns3663_0c48b9-cf .kt-btn-wrap-0 .kt-button{color:#555555;border-color:#555555;}.wp-block-kadence-advancedbtn.kt-btns3663_0c48b9-cf .kt-btn-wrap-0 .kt-button:hover, .wp-block-kadence-advancedbtn.kt-btns3663_0c48b9-cf .kt-btn-wrap-0 .kt-button:focus{color:#ffffff;border-color:#444444;}.wp-block-kadence-advancedbtn.kt-btns3663_0c48b9-cf .kt-btn-wrap-0 .kt-button::before{display:none;}.wp-block-kadence-advancedbtn.kt-btns3663_0c48b9-cf .kt-btn-wrap-0 .kt-button:hover, .wp-block-kadence-advancedbtn.kt-btns3663_0c48b9-cf .kt-btn-wrap-0 .kt-button:focus{background:#444444;}<\/style>\n<div class=\"wp-block-kadence-advancedbtn kb-buttons-wrap kb-btns3663_0c48b9-cf\"><style>ul.menu .wp-block-kadence-advancedbtn .kb-btn3663_037ee2-d1.kb-button{width:initial;}.wp-block-kadence-advancedbtn .kb-btn3663_037ee2-d1.kb-button{color:var(--ast-global-color-4);background:var(--ast-global-color-0);}<\/style><a class=\"kb-button kt-button button kb-btn3663_037ee2-d1 kt-btn-size-large kt-btn-width-type-auto kb-btn-global-inherit  kt-btn-has-text-true kt-btn-has-svg-false  wp-block-button__link wp-block-kadence-singlebtn\" href=\"https:\/\/florian-schreibt.de\/ebook\/\"><span class=\"kt-btn-inner-text\">Al ebook<\/span><\/a><\/div>\n<\/div><\/div>\n\n<\/div><\/div><\/div>\n<\/div>\n<\/div><\/div>\n\n\n\n<div class=\"wp-block-uagb-container uagb-block-cd6c1cc9 alignwide uagb-is-root-container\">\n<div class=\"wp-block-uagb-container uagb-block-eea037ef\">\n<div class=\"wp-block-uagb-advanced-heading uagb-block-3f5851f9\"><h4 class=\"uagb-heading-text\">En mi blog tambi\u00e9n hay siempre algo nuevo e interesante<\/h4><\/div>\n<\/div>\n\n\n\n<div class=\"wp-block-uagb-container uagb-block-e63ccf97\"><style>.wp-block-kadence-advancedbtn.kb-btns3663_9fd937-0b{gap:var(--global-kb-gap-xs, 0.5rem );justify-content:center;align-items:center;}.kt-btns3663_9fd937-0b .kt-button{font-weight:normal;font-style:normal;}.kt-btns3663_9fd937-0b .kt-btn-wrap-0{margin-right:5px;}.wp-block-kadence-advancedbtn.kt-btns3663_9fd937-0b .kt-btn-wrap-0 .kt-button{color:#555555;border-color:#555555;}.wp-block-kadence-advancedbtn.kt-btns3663_9fd937-0b .kt-btn-wrap-0 .kt-button:hover, .wp-block-kadence-advancedbtn.kt-btns3663_9fd937-0b .kt-btn-wrap-0 .kt-button:focus{color:#ffffff;border-color:#444444;}.wp-block-kadence-advancedbtn.kt-btns3663_9fd937-0b .kt-btn-wrap-0 .kt-button::before{display:none;}.wp-block-kadence-advancedbtn.kt-btns3663_9fd937-0b .kt-btn-wrap-0 .kt-button:hover, .wp-block-kadence-advancedbtn.kt-btns3663_9fd937-0b .kt-btn-wrap-0 .kt-button:focus{background:#444444;}<\/style>\n<div class=\"wp-block-kadence-advancedbtn kb-buttons-wrap kb-btns3663_9fd937-0b\"><style>ul.menu .wp-block-kadence-advancedbtn .kb-btn3663_9325dd-16.kb-button{width:initial;}.wp-block-kadence-advancedbtn .kb-btn3663_9325dd-16.kb-button{color:var(--ast-global-color-6);background:var(--ast-global-color-0);}<\/style><a class=\"kb-button kt-button button kb-btn3663_9325dd-16 kt-btn-size-large kt-btn-width-type-auto kb-btn-global-inherit  kt-btn-has-text-true kt-btn-has-svg-false  wp-block-button__link wp-block-kadence-singlebtn\" href=\"https:\/\/florian-schreibt.de\/blog\/\"><span class=\"kt-btn-inner-text\">Al blog<\/span><\/a><\/div>\n<\/div>\n<\/div>\n\n\n\n<div class=\"wp-block-uagb-container uagb-block-22eba733 alignfull uagb-is-root-container\"><div class=\"uagb-container-inner-blocks-wrap\">\n<div style=\"height:100px\" aria-hidden=\"true\" class=\"wp-block-spacer\"><\/div>\n\n\n\n<div class=\"wp-block-uagb-advanced-heading uagb-block-7cfb7c12\"><h3 class=\"uagb-heading-text\">La innovaci\u00f3n es la capacidad de ver el cambio como una oportunidad y darle forma con pasi\u00f3n y pericia.<\/h3><\/div>\n\n\n\n<div style=\"height:100px\" aria-hidden=\"true\" class=\"wp-block-spacer\"><\/div>\n<\/div><\/div>\n","protected":false},"excerpt":{"rendered":"<p>Datos interesantes sobre m\u00ed Obtenga m\u00e1s informaci\u00f3n sobre m\u00ed y mi experiencia en finanzas, gesti\u00f3n de proyectos, gesti\u00f3n de flotas [&hellip;]<\/p>\n","protected":false},"author":1,"featured_media":0,"parent":0,"menu_order":3,"comment_status":"closed","ping_status":"closed","template":"","meta":{"_uag_custom_page_level_css":"","site-sidebar-layout":"default","site-content-layout":"","ast-site-content-layout":"default","site-content-style":"default","site-sidebar-style":"default","ast-global-header-display":"","ast-banner-title-visibility":"","ast-main-header-display":"","ast-hfb-above-header-display":"","ast-hfb-below-header-display":"","ast-hfb-mobile-header-display":"","site-post-title":"disabled","ast-breadcrumbs-content":"","ast-featured-img":"","footer-sml-layout":"","ast-disable-related-posts":"","theme-transparent-header-meta":"","adv-header-id-meta":"","stick-header-meta":"","header-above-stick-meta":"","header-main-stick-meta":"","header-below-stick-meta":"","astra-migrate-meta-layouts":"default","ast-page-background-enabled":"default","ast-page-background-meta":{"desktop":{"background-color":"var(--ast-global-color-4)","background-image":"","background-repeat":"repeat","background-position":"center center","background-size":"auto","background-attachment":"scroll","background-type":"","background-media":"","overlay-type":"","overlay-color":"","overlay-opacity":"","overlay-gradient":""},"tablet":{"background-color":"","background-image":"","background-repeat":"repeat","background-position":"center center","background-size":"auto","background-attachment":"scroll","background-type":"","background-media":"","overlay-type":"","overlay-color":"","overlay-opacity":"","overlay-gradient":""},"mobile":{"background-color":"","background-image":"","background-repeat":"repeat","background-position":"center center","background-size":"auto","background-attachment":"scroll","background-type":"","background-media":"","overlay-type":"","overlay-color":"","overlay-opacity":"","overlay-gradient":""}},"ast-content-background-meta":{"desktop":{"background-color":"var(--ast-global-color-5)","background-image":"","background-repeat":"repeat","background-position":"center center","background-size":"auto","background-attachment":"scroll","background-type":"","background-media":"","overlay-type":"","overlay-color":"","overlay-opacity":"","overlay-gradient":""},"tablet":{"background-color":"var(--ast-global-color-5)","background-image":"","background-repeat":"repeat","background-position":"center center","background-size":"auto","background-attachment":"scroll","background-type":"","background-media":"","overlay-type":"","overlay-color":"","overlay-opacity":"","overlay-gradient":""},"mobile":{"background-color":"var(--ast-global-color-5)","background-image":"","background-repeat":"repeat","background-position":"center center","background-size":"auto","background-attachment":"scroll","background-type":"","background-media":"","overlay-type":"","overlay-color":"","overlay-opacity":"","overlay-gradient":""}},"footnotes":""},"class_list":["post-3663","page","type-page","status-publish","hentry"],"uagb_featured_image_src":{"full":false,"thumbnail":false,"medium":false,"medium_large":false,"large":false,"1536x1536":false,"2048x2048":false},"uagb_author_info":{"display_name":"Florian","author_link":"https:\/\/florian-schreibt.de\/es\/author\/admin\/"},"uagb_comment_info":0,"uagb_excerpt":"Datos interesantes sobre m\u00ed Obtenga m\u00e1s informaci\u00f3n sobre m\u00ed y mi experiencia en finanzas, gesti\u00f3n de proyectos, gesti\u00f3n de flotas [&hellip;]","amp_enabled":true,"_links":{"self":[{"href":"https:\/\/florian-schreibt.de\/es\/wp-json\/wp\/v2\/pages\/3663","targetHints":{"allow":["GET"]}}],"collection":[{"href":"https:\/\/florian-schreibt.de\/es\/wp-json\/wp\/v2\/pages"}],"about":[{"href":"https:\/\/florian-schreibt.de\/es\/wp-json\/wp\/v2\/types\/page"}],"author":[{"embeddable":true,"href":"https:\/\/florian-schreibt.de\/es\/wp-json\/wp\/v2\/users\/1"}],"replies":[{"embeddable":true,"href":"https:\/\/florian-schreibt.de\/es\/wp-json\/wp\/v2\/comments?post=3663"}],"version-history":[{"count":3,"href":"https:\/\/florian-schreibt.de\/es\/wp-json\/wp\/v2\/pages\/3663\/revisions"}],"predecessor-version":[{"id":4024,"href":"https:\/\/florian-schreibt.de\/es\/wp-json\/wp\/v2\/pages\/3663\/revisions\/4024"}],"wp:attachment":[{"href":"https:\/\/florian-schreibt.de\/es\/wp-json\/wp\/v2\/media?parent=3663"}],"curies":[{"name":"wp","href":"https:\/\/api.w.org\/{rel}","templated":true}]}}