{"id":3646,"date":"2024-07-07T11:52:53","date_gmt":"2024-07-07T11:52:53","guid":{"rendered":"https:\/\/florian-schreibt.de\/ai-finanzas-gestion-de-flotas-y-mucho-mas-blog-y-ebook-en-florian-schreibt-de\/"},"modified":"2024-10-27T17:16:20","modified_gmt":"2024-10-27T17:16:20","slug":"ai-finanzas-viajes-y-mucho-mas-blog-y-ebook-en-florian-schreibt-de","status":"publish","type":"page","link":"https:\/\/florian-schreibt.de\/es\/ai-finanzas-viajes-y-mucho-mas-blog-y-ebook-en-florian-schreibt-de\/","title":{"rendered":"AI, finanzas, viajar y mucho m\u00e1s blog y ebook en florian-schreibt.de"},"content":{"rendered":"\n<div class=\"wp-block-uagb-container uagb-block-5fe6a32d alignfull uagb-is-root-container\">\n<div data-aos= \"fade-right\" data-aos-duration=\"400\" data-aos-delay=\"0\" data-aos-easing=\"ease\" data-aos-once=\"true\" class=\"wp-block-uagb-advanced-heading uagb-block-739ef4ec\"><h1 class=\"uagb-heading-text\">\u00bfSab\u00eda que la experiencia y la innovaci\u00f3n pueden complementarse a la perfecci\u00f3n? mi blog y ebook<\/h1><\/div>\n\n\n\n<div class=\"wp-block-uagb-advanced-heading uagb-block-98e4bfaf\"><h2 class=\"uagb-heading-text\">Me alegro de que est\u00e9s aqu\u00ed.<\/h2><p class=\"uagb-desc-text\">Le esperan art\u00edculos apasionantes, an\u00e1lisis en profundidad y perspectivas de un mundo interesante.<\/p><\/div>\n\n\n\n<div class=\"wp-block-uagb-advanced-heading uagb-block-0a47dfb2\"><h2 class=\"uagb-heading-text\">\u00bfListo para algo nuevo?<\/h2><p class=\"uagb-desc-text\">Eche un vistazo a mis art\u00edculos, d\u00e9jese inspirar por nuevas perspectivas y descubra c\u00f3mo combino conocimiento e innovaci\u00f3n.<\/p><\/div>\n<\/div>\n\n\n\n<div class=\"wp-block-uagb-container uagb-block-af742380 alignfull uagb-is-root-container\"><div class=\"uagb-container-inner-blocks-wrap\">\n<div class=\"wp-block-uagb-advanced-heading uagb-block-6a706c08\"><h2 class=\"uagb-heading-text\">Mi blog y ebook<\/h2><div class=\"uagb-separator\"><\/div><p class=\"uagb-desc-text\">Empecemos ya con los \u00faltimos art\u00edculos<\/p><\/div>\n\n\n\n\t\t\t<div class=\"wp-block-uagb-post-carousel uagb-post-grid  uagb-post__image-position-top uagb-post__image-disabled uagb-block-69635b38     uagb-post__arrow-outside uagb-post__items uagb-post__columns-3 is-carousel uagb-post__columns-tablet-2 uagb-post__columns-mobile-1 uagb-post__carousel_equal-height\" data-total=\"5\" style=\"\">\n\n\t\t\t\t\t\t\t\t\t\t\t\t<article class=\"uagb-post__inner-wrap\">\t\t\t\t\t\t\t\t<h4 class=\"uagb-post__title uagb-post__text\">\n\t\t\t\t<a href=\"https:\/\/florian-schreibt.de\/es\/mi-forma-de-viajar-slow-travel-2025\/\" target=\"_self\" rel=\"bookmark noopener noreferrer\">Mi forma de viajar: slow travel y mindful discovery 2025<\/a>\n\t\t\t<\/h4>\n\t\t\t\t\t\t<div class='uagb-post__text uagb-post-grid-byline'>\n\t\t\t\t\t\t\t\t<time datetime=\"2025-03-07T15:57:19+00:00\" class=\"uagb-post__date\">\n\t\t\t\t<span class=\"dashicons-calendar dashicons\"><\/span>\t\t\t\t\t7 de marzo de 2025\t\t\t\t<\/time>\n\t\t\t\t\t\t<\/div>\n\t\t\t\t\t\t<div class=\"uagb-post__text uagb-post__cta wp-block-button\">\n\t\t\t\t<a class=\"wp-block-button__link uagb-text-link\" style=\"\" href=\"https:\/\/florian-schreibt.de\/es\/mi-forma-de-viajar-slow-travel-2025\/\" target=\"_self\" rel=\"bookmark noopener noreferrer\">Seguir leyendo<\/a>\n\t\t\t<\/div>\n\t\t\t\n\t\t\t\t\t\t\t\t\t<\/article>\n\t\t\t\t\t\t\t\t\t\t\t\t\t\t\t\t<article class=\"uagb-post__inner-wrap\">\t\t\t\t\t\t\t\t<h4 class=\"uagb-post__title uagb-post__text\">\n\t\t\t\t<a href=\"https:\/\/florian-schreibt.de\/es\/coche-electrico-2025-experiencias-consejos\/\" target=\"_self\" rel=\"bookmark noopener noreferrer\">El coche el\u00e9ctrico 2025: experiencias, consejos y datos sobre coches el\u00e9ctricos<\/a>\n\t\t\t<\/h4>\n\t\t\t\t\t\t<div class='uagb-post__text uagb-post-grid-byline'>\n\t\t\t\t\t\t\t\t<time datetime=\"2025-01-26T12:50:50+00:00\" class=\"uagb-post__date\">\n\t\t\t\t<span class=\"dashicons-calendar dashicons\"><\/span>\t\t\t\t\t26 de enero de 2025\t\t\t\t<\/time>\n\t\t\t\t\t\t<\/div>\n\t\t\t\t\t\t<div class=\"uagb-post__text uagb-post__cta wp-block-button\">\n\t\t\t\t<a class=\"wp-block-button__link uagb-text-link\" style=\"\" href=\"https:\/\/florian-schreibt.de\/es\/coche-electrico-2025-experiencias-consejos\/\" target=\"_self\" rel=\"bookmark noopener noreferrer\">Seguir leyendo<\/a>\n\t\t\t<\/div>\n\t\t\t\n\t\t\t\t\t\t\t\t\t<\/article>\n\t\t\t\t\t\t\t\t\t\t\t\t\t\t\t\t<article class=\"uagb-post__inner-wrap\">\t\t\t\t\t\t\t\t<h4 class=\"uagb-post__title uagb-post__text\">\n\t\t\t\t<a href=\"https:\/\/florian-schreibt.de\/es\/donon-vosges-francia-2024-montana-helados\/\" target=\"_self\" rel=\"bookmark noopener noreferrer\">Donon Vosges Francia 2024- Senderismo en la monta\u00f1a de los vientos helados<\/a>\n\t\t\t<\/h4>\n\t\t\t\t\t\t<div class='uagb-post__text uagb-post-grid-byline'>\n\t\t\t\t\t\t\t\t<time datetime=\"2024-12-20T10:53:22+00:00\" class=\"uagb-post__date\">\n\t\t\t\t<span class=\"dashicons-calendar dashicons\"><\/span>\t\t\t\t\t20 de diciembre de 2024\t\t\t\t<\/time>\n\t\t\t\t\t\t<\/div>\n\t\t\t\t\t\t<div class=\"uagb-post__text uagb-post__cta wp-block-button\">\n\t\t\t\t<a class=\"wp-block-button__link uagb-text-link\" style=\"\" href=\"https:\/\/florian-schreibt.de\/es\/donon-vosges-francia-2024-montana-helados\/\" target=\"_self\" rel=\"bookmark noopener noreferrer\">Seguir leyendo<\/a>\n\t\t\t<\/div>\n\t\t\t\n\t\t\t\t\t\t\t\t\t<\/article>\n\t\t\t\t\t\t\t\t\t\t\t<\/div>\n\t\t\t\n\n\n<div class=\"wp-block-uagb-container uagb-block-34eaf5c7 alignfull uagb-is-root-container\"><div class=\"uagb-container-inner-blocks-wrap\"><style>.wp-block-kadence-advancedbtn.kb-btns3646_8b6e4e-cb{gap:var(--global-kb-gap-xs, 0.5rem );justify-content:center;align-items:center;}.kt-btns3646_8b6e4e-cb .kt-button{font-weight:normal;font-style:normal;}.kt-btns3646_8b6e4e-cb .kt-btn-wrap-0{margin-right:5px;}.wp-block-kadence-advancedbtn.kt-btns3646_8b6e4e-cb .kt-btn-wrap-0 .kt-button{color:#555555;border-color:#555555;}.wp-block-kadence-advancedbtn.kt-btns3646_8b6e4e-cb .kt-btn-wrap-0 .kt-button:hover, .wp-block-kadence-advancedbtn.kt-btns3646_8b6e4e-cb .kt-btn-wrap-0 .kt-button:focus{color:#ffffff;border-color:#444444;}.wp-block-kadence-advancedbtn.kt-btns3646_8b6e4e-cb .kt-btn-wrap-0 .kt-button::before{display:none;}.wp-block-kadence-advancedbtn.kt-btns3646_8b6e4e-cb .kt-btn-wrap-0 .kt-button:hover, .wp-block-kadence-advancedbtn.kt-btns3646_8b6e4e-cb .kt-btn-wrap-0 .kt-button:focus{background:#444444;}<\/style>\n<div class=\"wp-block-kadence-advancedbtn kb-buttons-wrap kb-btns3646_8b6e4e-cb\"><style>ul.menu .wp-block-kadence-advancedbtn .kb-btn3646_dd0b40-b0.kb-button{width:initial;}.wp-block-kadence-advancedbtn .kb-btn3646_dd0b40-b0.kb-button{color:var(--ast-global-color-6);background:var(--ast-global-color-0);}<\/style><a class=\"kb-button kt-button button kb-btn3646_dd0b40-b0 kt-btn-size-standard kt-btn-width-type-auto kb-btn-global-inherit  kt-btn-has-text-true kt-btn-has-svg-false  wp-block-button__link wp-block-kadence-singlebtn\" href=\"https:\/\/florian-schreibt.de\/blog\/\"><span class=\"kt-btn-inner-text\">Al blog<\/span><\/a><\/div>\n<\/div><\/div>\n<\/div><\/div>\n\n\n\n<div class=\"wp-block-uagb-container uagb-block-e6bc50fc alignfull uagb-is-root-container\"><div class=\"uagb-container-inner-blocks-wrap\">\n<div class=\"wp-block-uagb-container uagb-block-e4ae5ee7\">\n<div data-aos= \"fade-right\" data-aos-duration=\"400\" data-aos-delay=\"0\" data-aos-easing=\"ease\" data-aos-once=\"true\" class=\"wp-block-uagb-info-box uagb-block-bda84c5e uagb-infobox__content-wrap  uagb-infobox-icon-above-title uagb-infobox-image-valign-top wp-block-uagb-info-box--has-margin\"><div class=\"uagb-infobox-margin-wrapper\"><div class=\"uagb-ifb-content\"><div class=\"uagb-ifb-title-wrap\"><h2 class=\"uagb-ifb-title\">Mi pasi\u00f3n<\/h2><\/div><\/div><\/div><\/div>\n\n\n\n<div data-aos= \"fade-right\" data-aos-duration=\"400\" data-aos-delay=\"0\" data-aos-easing=\"ease\" data-aos-once=\"true\" class=\"wp-block-uagb-info-box uagb-block-9e7312fd uagb-infobox__content-wrap  uagb-infobox-icon-above-title uagb-infobox-image-valign-top wp-block-uagb-info-box--has-margin\"><div class=\"uagb-infobox-margin-wrapper\"><div class=\"uagb-ifb-content\"><div class=\"uagb-ifb-title-wrap\"><h3 class=\"uagb-ifb-title\">Misi\u00f3n<\/h3><\/div><p class=\"uagb-ifb-desc\">La optimizaci\u00f3n de los procesos y el desarrollo de las empresas a largo plazo son para m\u00ed algo m\u00e1s que tareas profesionales: son asuntos que me apasionan. La innovaci\u00f3n no es solo un t\u00e9rmino para m\u00ed. <\/p><\/div><\/div><\/div>\n\n\n\n<div data-aos= \"fade-right\" data-aos-duration=\"400\" data-aos-delay=\"0\" data-aos-easing=\"ease\" data-aos-once=\"true\" class=\"wp-block-uagb-info-box uagb-block-9b62e515 uagb-infobox__content-wrap  uagb-infobox-icon-above-title uagb-infobox-image-valign-top wp-block-uagb-info-box--has-margin\"><div class=\"uagb-infobox-margin-wrapper\"><div class=\"uagb-ifb-content\"><div class=\"uagb-ifb-title-wrap\"><h3 class=\"uagb-ifb-title\">Visi\u00f3n<\/h3><\/div><p class=\"uagb-ifb-desc\">Este a\u00f1o he dado el paso al autoempleo y ofrezco mi experiencia como consultora en la regi\u00f3n DACH. Mi objetivo es apoyar a las empresas con mis conocimientos y competencias en la implantaci\u00f3n y el uso de la digitalizaci\u00f3n y la inteligencia artificial y desarrollar juntos soluciones innovadoras. <\/p><\/div><\/div><\/div>\n\n\n<style>.wp-block-kadence-advancedbtn.kb-btns3646_8816e1-ed{gap:var(--global-kb-gap-xs, 0.5rem );justify-content:center;align-items:center;}.kt-btns3646_8816e1-ed .kt-button{font-weight:normal;font-style:normal;}.kt-btns3646_8816e1-ed .kt-btn-wrap-0{margin-right:5px;}.wp-block-kadence-advancedbtn.kt-btns3646_8816e1-ed .kt-btn-wrap-0 .kt-button{color:#555555;border-color:#555555;}.wp-block-kadence-advancedbtn.kt-btns3646_8816e1-ed .kt-btn-wrap-0 .kt-button:hover, .wp-block-kadence-advancedbtn.kt-btns3646_8816e1-ed .kt-btn-wrap-0 .kt-button:focus{color:#ffffff;border-color:#444444;}.wp-block-kadence-advancedbtn.kt-btns3646_8816e1-ed .kt-btn-wrap-0 .kt-button::before{display:none;}.wp-block-kadence-advancedbtn.kt-btns3646_8816e1-ed .kt-btn-wrap-0 .kt-button:hover, .wp-block-kadence-advancedbtn.kt-btns3646_8816e1-ed .kt-btn-wrap-0 .kt-button:focus{background:#444444;}<\/style>\n<div class=\"wp-block-kadence-advancedbtn kb-buttons-wrap kb-btns3646_8816e1-ed\"><style>ul.menu .wp-block-kadence-advancedbtn .kb-btn3646_6008e0-47.kb-button{width:initial;}.wp-block-kadence-advancedbtn .kb-btn3646_6008e0-47.kb-button{color:var(--ast-global-color-1);background:var(--ast-global-color-6);}<\/style><a class=\"kb-button kt-button button kb-btn3646_6008e0-47 kt-btn-size-standard kt-btn-width-type-auto kb-btn-global-inherit  kt-btn-has-text-true kt-btn-has-svg-false  wp-block-button__link wp-block-kadence-singlebtn\" href=\"https:\/\/florian-schreibt.de\/ueber-mich\/\"><span class=\"kt-btn-inner-text\">Sobre m\u00ed<\/span><\/a><\/div>\n<\/div>\n\n\n\n<div class=\"wp-block-uagb-container uagb-block-2de3917e\">\n<div data-aos= \"fade-left\" data-aos-duration=\"400\" data-aos-delay=\"0\" data-aos-easing=\"ease\" data-aos-once=\"true\" class=\"wp-block-uagb-image uagb-block-9fc9987d wp-block-uagb-image--layout-default wp-block-uagb-image--effect-static wp-block-uagb-image--align-none\"><figure class=\"wp-block-uagb-image__figure\"><img decoding=\"async\" srcset=\"https:\/\/florian-schreibt.de\/wp-content\/uploads\/2024\/07\/IMG-20240510-WA0025-1.jpg ,https:\/\/florian-schreibt.de\/wp-content\/uploads\/2024\/07\/IMG-20240510-WA0025-1.jpg 780w, https:\/\/florian-schreibt.de\/wp-content\/uploads\/2024\/07\/IMG-20240510-WA0025-1.jpg 360w\" sizes=\"auto, (max-width: 480px) 150px\" src=\"https:\/\/florian-schreibt.de\/wp-content\/uploads\/2024\/07\/IMG-20240510-WA0025-1.jpg\" alt=\"blog y ebook\" class=\"uag-image-75\" width=\"930\" height=\"1280\" title=\"IMG-20240510-WA0025 (1)\" loading=\"lazy\" role=\"img\"\/><\/figure><\/div>\n<\/div>\n<\/div><\/div>\n\n\n\n<div class=\"wp-block-uagb-container uagb-block-f5456589 alignfull uagb-is-root-container\"><div class=\"uagb-container-inner-blocks-wrap\">\n<div style=\"margin-top:0;margin-bottom:0;height:63px\" aria-hidden=\"true\" class=\"wp-block-spacer\"><\/div>\n<\/div><\/div>\n\n\n\n<div class=\"wp-block-uagb-container uagb-block-21a6d911 alignfull uagb-is-root-container\"><div class=\"uagb-container-inner-blocks-wrap\">\n<div style=\"margin-top:0;margin-bottom:0;height:155px\" aria-hidden=\"true\" class=\"wp-block-spacer\"><\/div>\n<\/div><\/div>\n\n\n\n<div class=\"wp-block-uagb-container uagb-block-9bdda066 alignfull uagb-is-root-container\"><div class=\"uagb-container-inner-blocks-wrap\">\n<div class=\"wp-block-uagb-advanced-heading uagb-block-46591901\"><h2 class=\"uagb-heading-text\">Mis \u00e1reas de especializaci\u00f3n y experiencia<\/h2><\/div>\n\n\n\n<div class=\"wp-block-uagb-container uagb-layout-flex uagb-block-719b262e alignfull uagb-is-root-container\"><div class=\"uagb-container-inner-blocks-wrap\">\n<div data-aos= \"fade-up\" data-aos-duration=\"400\" data-aos-delay=\"0\" data-aos-easing=\"ease\" data-aos-once=\"true\" class=\"wp-block-uagb-info-box uagb-block-0a9ff199 uagb-infobox__content-wrap  uagb-infobox-icon-above-title uagb-infobox-image-valign-top wp-block-uagb-info-box--has-margin\"><div class=\"uagb-infobox-margin-wrapper\"><div class=\"uagb-ifb-content\"><div class=\"uagb-ifb-title-wrap\"><h4 class=\"uagb-ifb-title\">Finanzas<\/h4><\/div><div class=\"uagb-ifb-separator\"><\/div><p class=\"uagb-ifb-desc\">Mis actividades tanto en el mundo corporativo como en medianas empresas me han convertido en un experto en contabilidad internacional y proyectos financieros.  <br><br><br>Mi pasi\u00f3n innata por los n\u00fameros es siempre un motor para m\u00ed.<\/p><\/div><\/div><\/div>\n\n\n\n<div data-aos= \"fade-up\" data-aos-duration=\"400\" data-aos-delay=\"0\" data-aos-easing=\"ease\" data-aos-once=\"true\" class=\"wp-block-uagb-info-box uagb-block-42fd1048 uagb-infobox__content-wrap  uagb-infobox-icon-above-title uagb-infobox-image-valign-top\"><div class=\"uagb-ifb-content\"><div class=\"uagb-ifb-title-wrap\"><h4 class=\"uagb-ifb-title\">AI-Consulting<\/h4><\/div><div class=\"uagb-ifb-separator\"><\/div><p class=\"uagb-ifb-desc\">Desde el a\u00f1o pasado, he estado trabajando muy intensamente en el tema de la inteligencia artificial y la automatizaci\u00f3n, recientemente complet\u00e9 mi certificaci\u00f3n y ahora estoy trabajando en este campo.  <br><br>Estoy deseando emprender nuevos proyectos emocionantes con empresas interesantes.<\/p><\/div><\/div>\n\n\n\n<div data-aos= \"fade-up\" data-aos-duration=\"400\" data-aos-delay=\"0\" data-aos-easing=\"ease\" data-aos-once=\"true\" class=\"wp-block-uagb-info-box uagb-block-54d9344c uagb-infobox__content-wrap  uagb-infobox-icon-above-title uagb-infobox-image-valign-top\"><div class=\"uagb-ifb-content\"><div class=\"uagb-ifb-title-wrap\"><h4 class=\"uagb-ifb-title\">Gesti\u00f3n de flotas<\/h4><\/div><div class=\"uagb-ifb-separator\"><\/div><p class=\"uagb-ifb-desc\">Mi larga carrera en la industria del autom\u00f3vil y mis conocimientos de dise\u00f1o me han permitido optimizar varias flotas de veh\u00edculos de empresa de una forma nueva y que ahorra costes.  <br><br>Este es tambi\u00e9n el tema de mi primer libro electr\u00f3nico que se publicar\u00e1.<\/p><\/div><\/div>\n\n\n\n<div data-aos= \"fade-up\" data-aos-duration=\"400\" data-aos-delay=\"0\" data-aos-easing=\"ease\" data-aos-once=\"true\" class=\"wp-block-uagb-info-box uagb-block-a50dcc77 uagb-infobox__content-wrap  uagb-infobox-icon-above-title uagb-infobox-image-valign-top\"><div class=\"uagb-ifb-content\"><div class=\"uagb-ifb-title-wrap\"><h4 class=\"uagb-ifb-title\">Gesti\u00f3n de proyectos<\/h4><\/div><div class=\"uagb-ifb-separator\"><\/div><p class=\"uagb-ifb-desc\">A lo largo de los a\u00f1os he participado en proyectos de muy diversa \u00edndole. Desde proyectos a gran escala para empresas hasta proyectos e integraciones de software y digitalizaci\u00f3n. <br><br>Me llena crear cosas nuevas juntos.<\/p><\/div><\/div>\n<\/div><\/div>\n<\/div><\/div>\n\n\n\n<div class=\"wp-block-uagb-container uagb-block-be17e88b alignfull uagb-is-root-container\"><div class=\"uagb-container-inner-blocks-wrap\">\n<div style=\"margin-top:0;margin-bottom:0;height:218px\" aria-hidden=\"true\" class=\"wp-block-spacer\"><\/div>\n<\/div><\/div>\n\n\n\n<div class=\"wp-block-uagb-container uagb-block-db2d419d alignfull uagb-is-root-container\"><div class=\"uagb-container-inner-blocks-wrap\">\n<div class=\"wp-block-uagb-container uagb-layout-grid uagb-block-964d8b67\">\n<div data-aos= \"fade-right\" data-aos-duration=\"400\" data-aos-delay=\"0\" data-aos-easing=\"ease\" data-aos-once=\"true\" class=\"wp-block-uagb-info-box uagb-block-f88e0df1 uagb-infobox__content-wrap  uagb-infobox-icon-above-title uagb-infobox-image-valign-top wp-block-uagb-info-box--has-margin\"><div class=\"uagb-infobox-margin-wrapper\"><div class=\"uagb-ifb-content\"><div class=\"uagb-ifb-title-wrap\"><h2 class=\"uagb-ifb-title\">Hay un libro electr\u00f3nico en la parte superior<\/h2><\/div><p class=\"uagb-ifb-desc\">Desde mi infancia, he anotado regularmente por escrito mis pensamientos y experiencias. Algunas de estas notas me han servido de base para mi primer ebook. <br><br>Le esperan temas interesantes y variados y muchos conocimientos derivados de la experiencia pr\u00e1ctica.<\/p><div class=\"uagb-ifb-button-wrapper wp-block-button\"><a href=\"https:\/\/florian-schreibt.de\/ebooks\/\" class=\"uagb-infobox-cta-link wp-block-button__link\" target=\"_self\" rel=\"noopener noreferrer\" onclick=\"return true;\"><span class=\"uagb-inline-editing\">ebook<\/span><svg xmlns=\"https:\/\/www.w3.org\/2000\/svg\" viewBox=\"0 0 512 512\"><path d=\"M502.6 278.6l-128 128c-12.51 12.51-32.76 12.49-45.25 0c-12.5-12.5-12.5-32.75 0-45.25L402.8 288H32C14.31 288 0 273.7 0 255.1S14.31 224 32 224h370.8l-73.38-73.38c-12.5-12.5-12.5-32.75 0-45.25s32.75-12.5 45.25 0l128 128C515.1 245.9 515.1 266.1 502.6 278.6z\"><\/path><\/svg><\/a><\/div><\/div><\/div><\/div>\n\n\n\n<div class=\"wp-block-uagb-image alignright uagb-block-1ecf927d wp-block-uagb-image--layout-default wp-block-uagb-image--effect-static wp-block-uagb-image--align-right\"><figure class=\"wp-block-uagb-image__figure\"><img decoding=\"async\" srcset=\"https:\/\/florian-schreibt.de\/wp-content\/uploads\/2024\/07\/default_create_an_image_of_a_book_pyramid_the_book_in_the_fore_3_55f9422c-7a08-4a05-9001-0776c835bb6d-1024x1024.jpg ,https:\/\/florian-schreibt.de\/wp-content\/uploads\/2024\/07\/default_create_an_image_of_a_book_pyramid_the_book_in_the_fore_3_55f9422c-7a08-4a05-9001-0776c835bb6d.jpg 780w, https:\/\/florian-schreibt.de\/wp-content\/uploads\/2024\/07\/default_create_an_image_of_a_book_pyramid_the_book_in_the_fore_3_55f9422c-7a08-4a05-9001-0776c835bb6d.jpg 360w\" sizes=\"auto, (max-width: 480px) 150px\" src=\"https:\/\/florian-schreibt.de\/wp-content\/uploads\/2024\/07\/default_create_an_image_of_a_book_pyramid_the_book_in_the_fore_3_55f9422c-7a08-4a05-9001-0776c835bb6d-1024x1024.jpg\" alt=\"\" class=\"uag-image-258\" width=\"825\" height=\"734\" title=\"default_create_an_image_of_a_book_pyramid_the_book_in_the_fore_3_55f9422c-7a08-4a05-9001-0776c835bb6d\" loading=\"lazy\" role=\"img\"><\/figure><\/div>\n<\/div>\n<\/div><\/div>\n\n\n\n<div class=\"wp-block-uagb-container uagb-block-d8f0d74d alignfull uagb-is-root-container\"><div class=\"uagb-container-inner-blocks-wrap\">\n<div style=\"margin-top:0;margin-bottom:0;height:63px\" aria-hidden=\"true\" class=\"wp-block-spacer\"><\/div>\n<\/div><\/div>\n\n\n\n<div class=\"wp-block-uagb-container uagb-layout-grid uagb-block-40d4d421 alignfull uagb-is-root-container\"><div class=\"uagb-container-inner-blocks-wrap\">\n<div class=\"wp-block-uagb-advanced-heading uagb-block-fb002795\"><h2 class=\"uagb-heading-text\">Reg\u00edstrese<\/h2><\/div>\n\n\n\n<div class=\"wp-block-uagb-forms uagb-forms__outer-wrap uagb-block-d276cdda uagb-forms__default-btn uagb-forms-inline-field uagb-forms-button-desk-width-25 uagb-forms-column-gap-5 uagb-forms-button-tablet-width-40 uagb-forms-button-mobile-width-100\"><form class=\"uagb-forms-main-form\" method=\"post\" autocomplete=\"on\" name=\"uagb-form-d276cdda\">\n<div class=\"wp-block-uagb-forms-email uagb-forms-email-wrap uagb-forms-field-set uagb-block-256e3189 uagb-forms-field-desk-width-66 uagb-forms-field-tablet-width-50 uagb-forms-field-mobile-width-100\"><div class=\"uagb-forms-email-label  uagb-forms-input-label\" id=\"256e3189\">Email<\/div><input type=\"email\" class=\"uagb-forms-email-input uagb-forms-input\" placeholder=\"Deine Email Adresse\" name=\"256e3189\" autocomplete=\"email\"\/><\/div>\n<div class=\"uagb-forms-form-hidden-data\"><input type=\"hidden\" class=\"uagb_forms_form_label\" value=\"Spectra Form\"\/><input type=\"hidden\" class=\"uagb_forms_form_id\" value=\"uagb-form-d276cdda\"\/><\/div><div class=\"uagb-form-reacaptcha-error-d276cdda\"><\/div><div class=\"uagb-forms-main-submit-button-wrap wp-block-button\"><button class=\"uagb-forms-main-submit-button wp-block-button__link\"><div class=\"uagb-forms-main-submit-button-text\">Inscripci\u00f3n al bolet\u00edn<\/div><\/button><\/div><\/form><div class=\"uagb-forms-success-message-d276cdda uagb-forms-submit-message-hide\"><span>\u00a1Ha funcionado! Gracias.<\/span><\/div><div class=\"uagb-forms-failed-message-d276cdda uagb-forms-submit-message-hide\"><span>Leider hat etwas nicht funktioniert. Bitte versuche es erneut.<\/span><\/div><\/div>\n<\/div><\/div>\n","protected":false},"excerpt":{"rendered":"<p>\u00bfSab\u00eda que la experiencia y la innovaci\u00f3n pueden complementarse a la perfecci\u00f3n? mi blog y ebook Me alegro de que [&hellip;]<\/p>\n","protected":false},"author":1,"featured_media":0,"parent":0,"menu_order":1,"comment_status":"closed","ping_status":"closed","template":"","meta":{"_uag_custom_page_level_css":"","site-sidebar-layout":"default","site-content-layout":"","ast-site-content-layout":"default","site-content-style":"default","site-sidebar-style":"default","ast-global-header-display":"","ast-banner-title-visibility":"","ast-main-header-display":"","ast-hfb-above-header-display":"","ast-hfb-below-header-display":"","ast-hfb-mobile-header-display":"","site-post-title":"","ast-breadcrumbs-content":"","ast-featured-img":"","footer-sml-layout":"","ast-disable-related-posts":"","theme-transparent-header-meta":"","adv-header-id-meta":"","stick-header-meta":"","header-above-stick-meta":"","header-main-stick-meta":"","header-below-stick-meta":"","astra-migrate-meta-layouts":"default","ast-page-background-enabled":"default","ast-page-background-meta":{"desktop":{"background-color":"var(--ast-global-color-4)","background-image":"","background-repeat":"repeat","background-position":"center center","background-size":"auto","background-attachment":"scroll","background-type":"","background-media":"","overlay-type":"","overlay-color":"","overlay-opacity":"","overlay-gradient":""},"tablet":{"background-color":"","background-image":"","background-repeat":"repeat","background-position":"center center","background-size":"auto","background-attachment":"scroll","background-type":"","background-media":"","overlay-type":"","overlay-color":"","overlay-opacity":"","overlay-gradient":""},"mobile":{"background-color":"","background-image":"","background-repeat":"repeat","background-position":"center center","background-size":"auto","background-attachment":"scroll","background-type":"","background-media":"","overlay-type":"","overlay-color":"","overlay-opacity":"","overlay-gradient":""}},"ast-content-background-meta":{"desktop":{"background-color":"var(--ast-global-color-5)","background-image":"","background-repeat":"repeat","background-position":"center center","background-size":"auto","background-attachment":"scroll","background-type":"","background-media":"","overlay-type":"","overlay-color":"","overlay-opacity":"","overlay-gradient":""},"tablet":{"background-color":"var(--ast-global-color-5)","background-image":"","background-repeat":"repeat","background-position":"center center","background-size":"auto","background-attachment":"scroll","background-type":"","background-media":"","overlay-type":"","overlay-color":"","overlay-opacity":"","overlay-gradient":""},"mobile":{"background-color":"var(--ast-global-color-5)","background-image":"","background-repeat":"repeat","background-position":"center center","background-size":"auto","background-attachment":"scroll","background-type":"","background-media":"","overlay-type":"","overlay-color":"","overlay-opacity":"","overlay-gradient":""}},"footnotes":""},"class_list":["post-3646","page","type-page","status-publish","hentry"],"uagb_featured_image_src":{"full":false,"thumbnail":false,"medium":false,"medium_large":false,"large":false,"1536x1536":false,"2048x2048":false},"uagb_author_info":{"display_name":"Florian","author_link":"https:\/\/florian-schreibt.de\/es\/author\/admin\/"},"uagb_comment_info":0,"uagb_excerpt":"\u00bfSab\u00eda que la experiencia y la innovaci\u00f3n pueden complementarse a la perfecci\u00f3n? mi blog y ebook Me alegro de que [&hellip;]","amp_enabled":true,"_links":{"self":[{"href":"https:\/\/florian-schreibt.de\/es\/wp-json\/wp\/v2\/pages\/3646","targetHints":{"allow":["GET"]}}],"collection":[{"href":"https:\/\/florian-schreibt.de\/es\/wp-json\/wp\/v2\/pages"}],"about":[{"href":"https:\/\/florian-schreibt.de\/es\/wp-json\/wp\/v2\/types\/page"}],"author":[{"embeddable":true,"href":"https:\/\/florian-schreibt.de\/es\/wp-json\/wp\/v2\/users\/1"}],"replies":[{"embeddable":true,"href":"https:\/\/florian-schreibt.de\/es\/wp-json\/wp\/v2\/comments?post=3646"}],"version-history":[{"count":4,"href":"https:\/\/florian-schreibt.de\/es\/wp-json\/wp\/v2\/pages\/3646\/revisions"}],"predecessor-version":[{"id":4015,"href":"https:\/\/florian-schreibt.de\/es\/wp-json\/wp\/v2\/pages\/3646\/revisions\/4015"}],"wp:attachment":[{"href":"https:\/\/florian-schreibt.de\/es\/wp-json\/wp\/v2\/media?parent=3646"}],"curies":[{"name":"wp","href":"https:\/\/api.w.org\/{rel}","templated":true}]}}